{"id":100,"date":"2025-08-03T20:26:58","date_gmt":"2025-08-03T20:26:58","guid":{"rendered":"https:\/\/onirikstudio.com\/?page_id=100"},"modified":"2025-08-05T14:24:58","modified_gmt":"2025-08-05T14:24:58","slug":"produccion-audiovisual","status":"publish","type":"page","link":"https:\/\/onirikstudio.com\/?page_id=100","title":{"rendered":"PRODUCCI\u00d3N AUDIOVISUAL"},"content":{"rendered":"<div data-colibri-id=\"100-c1\" class=\"style-243 style-local-100-c1 position-relative\">\n  <!---->\n  <div data-colibri-component=\"section\" data-colibri-id=\"100-c9\" id=\"content\" class=\"h-section h-section-global-spacing d-flex align-items-lg-center align-items-md-center align-items-center style-300 style-local-100-c9 position-relative\">\n    <!---->\n    <!---->\n    <div class=\"h-section-grid-container h-section-boxed-container\">\n      <div data-colibri-id=\"100-c13\" class=\"h-row-container gutters-row-lg-2 gutters-row-md-2 gutters-row-2 gutters-row-v-lg-2 gutters-row-v-md-2 gutters-row-v-2 style-304 style-local-100-c13 position-relative\">\n        <!---->\n        <div class=\"h-row justify-content-lg-center justify-content-md-center justify-content-center align-items-lg-stretch align-items-md-stretch align-items-stretch gutters-col-lg-2 gutters-col-md-2 gutters-col-2 gutters-col-v-lg-2 gutters-col-v-md-2 gutters-col-v-2\">\n          <!---->\n          <div class=\"h-column h-column-container d-flex h-col-lg-auto h-col-md-auto h-col-auto style-305-outer style-local-100-c14-outer\">\n            <div data-colibri-id=\"100-c14\" class=\"d-flex h-flex-basis h-column__inner h-px-lg-2 h-px-md-2 h-px-0 v-inner-lg-2 v-inner-md-2 v-inner-0 style-305 style-local-100-c14 position-relative\">\n              <!---->\n              <!---->\n              <div class=\"w-100 h-y-container h-column__content h-column__v-align flex-basis-100 align-self-lg-start align-self-md-start align-self-start\">\n                <!---->\n                <div data-colibri-id=\"100-c16\" class=\"h-lead h-text h-text-component style-307 style-local-100-c16 position-relative h-element\">\n                  <!---->\n                  <!---->\n                  <div class=\"\">\n                    <p>En <strong>Onirik Studio<\/strong> creemos en el poder de la imagen para transformar, emocionar y comunicar con profundidad. Nuestra \u00e1rea de producci\u00f3n audiovisual combina creatividad, tecnolog\u00eda y narrativa para dar vida a contenidos\n                      que conectan con las personas y elevan el valor de las marcas.<\/p>\n                    <p>Desarrollamos proyectos a medida, desde la idea inicial hasta el producto final. Abordamos todo el proceso creativo y t\u00e9cnico: guion, direcci\u00f3n, grabaci\u00f3n, edici\u00f3n, postproducci\u00f3n, efectos, sonido, y entrega optimizada para cualquier\n                      plataforma.<\/p>\n                    <p>Trabajamos con instituciones, empresas, agencias y medios que buscan mucho m\u00e1s que un v\u00eddeo: <strong>buscan una historia que impacte, que refleje su identidad y que deje huella<\/strong>.<\/p>\n                    <p>Ya sea una pieza corporativa, un documental, un spot, una serie web, un contenido para redes sociales o un evento grabado y emitido en directo, nuestro compromiso es siempre el mismo: <strong>calidad visual, narrativa potente y excelencia t\u00e9cnica<\/strong>.<\/p>\n                    <p><strong>Contamos historias que se ven, se sienten y se recuerdan.<\/strong><\/p>\n                  <\/div>\n                <\/div>\n              <\/div>\n            <\/div>\n          <\/div>\n        <\/div>\n      <\/div>\n      <div data-colibri-id=\"100-c10\" class=\"h-row-container gutters-row-lg-2 gutters-row-md-2 gutters-row-2 gutters-row-v-lg-2 gutters-row-v-md-2 gutters-row-v-2 style-301 style-local-100-c10 position-relative\">\n        <!---->\n        <div class=\"h-row justify-content-lg-center justify-content-md-center justify-content-center align-items-lg-stretch align-items-md-stretch align-items-stretch gutters-col-lg-2 gutters-col-md-2 gutters-col-2 gutters-col-v-lg-2 gutters-col-v-md-2 gutters-col-v-2\">\n          <!---->\n          <div class=\"h-column h-column-container d-flex h-col-lg-auto h-col-md-auto h-col-auto style-302-outer style-local-100-c11-outer\">\n            <div data-colibri-id=\"100-c11\" class=\"d-flex h-flex-basis h-column__inner h-px-lg-0 h-px-md-0 h-px-0 v-inner-lg-0 v-inner-md-0 v-inner-0 style-302 style-local-100-c11 position-relative\">\n              <!---->\n              <!---->\n              <div class=\"w-100 h-y-container h-column__content h-column__v-align flex-basis-100 align-self-lg-start align-self-md-start align-self-start\">\n                <!---->\n                <div data-colibri-id=\"100-c12\" class=\"d-block style-303 style-local-100-c12 position-relative h-element\">\n                  <!---->\n                  <div class=\"h-image__frame-container-outer\">\n                    <div class=\"h-image__frame-container\">\n                      <!---->\n                      <!---->\n                      <img fetchpriority=\"high\" decoding=\"async\" width=\"2560\" height=\"1706\" src=\"https:\/\/onirikstudio.com\/wp-content\/uploads\/2025\/08\/PROYECTOS-AUDIOVISUALES-scaled.jpg\" class=\"wp-image-525 style-303-image style-local-100-c12-image\" alt=\"\" srcset=\"https:\/\/onirikstudio.com\/wp-content\/uploads\/2025\/08\/PROYECTOS-AUDIOVISUALES-scaled.jpg 2560w, https:\/\/onirikstudio.com\/wp-content\/uploads\/2025\/08\/PROYECTOS-AUDIOVISUALES-300x200.jpg 300w, https:\/\/onirikstudio.com\/wp-content\/uploads\/2025\/08\/PROYECTOS-AUDIOVISUALES-1024x683.jpg 1024w, https:\/\/onirikstudio.com\/wp-content\/uploads\/2025\/08\/PROYECTOS-AUDIOVISUALES-768x512.jpg 768w, https:\/\/onirikstudio.com\/wp-content\/uploads\/2025\/08\/PROYECTOS-AUDIOVISUALES-1536x1024.jpg 1536w, https:\/\/onirikstudio.com\/wp-content\/uploads\/2025\/08\/PROYECTOS-AUDIOVISUALES-2048x1365.jpg 2048w\" sizes=\"(max-width: 2560px) 100vw, 2560px\" \/>\n                      <div class=\"h-image__frame style-303-frameImage style-local-100-c12-frameImage\"><\/div>\n                    <\/div>\n                  <\/div>\n                <\/div>\n              <\/div>\n            <\/div>\n          <\/div>\n        <\/div>\n      <\/div>\n    <\/div>\n  <\/div>\n<\/div>","protected":false},"excerpt":{"rendered":"<p>En Onirik Studio creemos en el poder de la imagen para transformar, emocionar y comunicar con profundidad. Nuestra \u00e1rea de producci\u00f3n audiovisual combina creatividad, tecnolog\u00eda y narrativa para dar vida a contenidos que conectan con las personas y elevan el valor de las marcas. Desarrollamos proyectos a medida, desde la idea inicial hasta el producto [&hellip;]<\/p>\n","protected":false},"author":1,"featured_media":0,"parent":0,"menu_order":0,"comment_status":"closed","ping_status":"closed","template":"page-templates\/full-width-page.php","meta":{"footnotes":""},"class_list":["post-100","page","type-page","status-publish","hentry"],"yoast_head":"<!-- This site is optimized with the Yoast SEO plugin v27.4 - https:\/\/yoast.com\/product\/yoast-seo-wordpress\/ -->\n<title>PRODUCCI\u00d3N AUDIOVISUAL - OnirikStudio<\/title>\n<meta name=\"robots\" content=\"index, follow, max-snippet:-1, max-image-preview:large, max-video-preview:-1\" \/>\n<link rel=\"canonical\" href=\"https:\/\/onirikstudio.com\/?page_id=100\" \/>\n<meta property=\"og:locale\" content=\"es_ES\" \/>\n<meta property=\"og:type\" content=\"article\" \/>\n<meta property=\"og:title\" content=\"PRODUCCI\u00d3N AUDIOVISUAL - OnirikStudio\" \/>\n<meta property=\"og:description\" content=\"En Onirik Studio creemos en el poder de la imagen para transformar, emocionar y comunicar con profundidad. Nuestra \u00e1rea de producci\u00f3n audiovisual combina creatividad, tecnolog\u00eda y narrativa para dar vida a contenidos que conectan con las personas y elevan el valor de las marcas. Desarrollamos proyectos a medida, desde la idea inicial hasta el producto [&hellip;]\" \/>\n<meta property=\"og:url\" content=\"https:\/\/onirikstudio.com\/?page_id=100\" \/>\n<meta property=\"og:site_name\" content=\"OnirikStudio\" \/>\n<meta property=\"article:modified_time\" content=\"2025-08-05T14:24:58+00:00\" \/>\n<meta property=\"og:image\" content=\"https:\/\/onirikstudio.com\/wp-content\/uploads\/2025\/08\/PROYECTOS-AUDIOVISUALES-scaled.jpg\" \/>\n\t<meta property=\"og:image:width\" content=\"2560\" \/>\n\t<meta property=\"og:image:height\" content=\"1706\" \/>\n\t<meta property=\"og:image:type\" content=\"image\/jpeg\" \/>\n<meta name=\"twitter:card\" content=\"summary_large_image\" \/>\n<meta name=\"twitter:label1\" content=\"Tiempo de lectura\" \/>\n\t<meta name=\"twitter:data1\" content=\"1 minuto\" \/>\n<script type=\"application\/ld+json\" class=\"yoast-schema-graph\">{\"@context\":\"https:\\\/\\\/schema.org\",\"@graph\":[{\"@type\":\"WebPage\",\"@id\":\"https:\\\/\\\/onirikstudio.com\\\/?page_id=100\",\"url\":\"https:\\\/\\\/onirikstudio.com\\\/?page_id=100\",\"name\":\"PRODUCCI\u00d3N AUDIOVISUAL - OnirikStudio\",\"isPartOf\":{\"@id\":\"https:\\\/\\\/onirikstudio.com\\\/#website\"},\"primaryImageOfPage\":{\"@id\":\"https:\\\/\\\/onirikstudio.com\\\/?page_id=100#primaryimage\"},\"image\":{\"@id\":\"https:\\\/\\\/onirikstudio.com\\\/?page_id=100#primaryimage\"},\"thumbnailUrl\":\"https:\\\/\\\/onirikstudio.com\\\/wp-content\\\/uploads\\\/2025\\\/08\\\/PROYECTOS-AUDIOVISUALES-scaled.jpg\",\"datePublished\":\"2025-08-03T20:26:58+00:00\",\"dateModified\":\"2025-08-05T14:24:58+00:00\",\"breadcrumb\":{\"@id\":\"https:\\\/\\\/onirikstudio.com\\\/?page_id=100#breadcrumb\"},\"inLanguage\":\"es\",\"potentialAction\":[{\"@type\":\"ReadAction\",\"target\":[\"https:\\\/\\\/onirikstudio.com\\\/?page_id=100\"]}]},{\"@type\":\"ImageObject\",\"inLanguage\":\"es\",\"@id\":\"https:\\\/\\\/onirikstudio.com\\\/?page_id=100#primaryimage\",\"url\":\"https:\\\/\\\/onirikstudio.com\\\/wp-content\\\/uploads\\\/2025\\\/08\\\/PROYECTOS-AUDIOVISUALES-scaled.jpg\",\"contentUrl\":\"https:\\\/\\\/onirikstudio.com\\\/wp-content\\\/uploads\\\/2025\\\/08\\\/PROYECTOS-AUDIOVISUALES-scaled.jpg\",\"width\":2560,\"height\":1706},{\"@type\":\"BreadcrumbList\",\"@id\":\"https:\\\/\\\/onirikstudio.com\\\/?page_id=100#breadcrumb\",\"itemListElement\":[{\"@type\":\"ListItem\",\"position\":1,\"name\":\"Portada\",\"item\":\"https:\\\/\\\/onirikstudio.com\\\/\"},{\"@type\":\"ListItem\",\"position\":2,\"name\":\"PRODUCCI\u00d3N AUDIOVISUAL\"}]},{\"@type\":\"WebSite\",\"@id\":\"https:\\\/\\\/onirikstudio.com\\\/#website\",\"url\":\"https:\\\/\\\/onirikstudio.com\\\/\",\"name\":\"OnirikStudio\",\"description\":\"\",\"publisher\":{\"@id\":\"https:\\\/\\\/onirikstudio.com\\\/#organization\"},\"potentialAction\":[{\"@type\":\"SearchAction\",\"target\":{\"@type\":\"EntryPoint\",\"urlTemplate\":\"https:\\\/\\\/onirikstudio.com\\\/?s={search_term_string}\"},\"query-input\":{\"@type\":\"PropertyValueSpecification\",\"valueRequired\":true,\"valueName\":\"search_term_string\"}}],\"inLanguage\":\"es\"},{\"@type\":\"Organization\",\"@id\":\"https:\\\/\\\/onirikstudio.com\\\/#organization\",\"name\":\"OnirikStudio\",\"url\":\"https:\\\/\\\/onirikstudio.com\\\/\",\"logo\":{\"@type\":\"ImageObject\",\"inLanguage\":\"es\",\"@id\":\"https:\\\/\\\/onirikstudio.com\\\/#\\\/schema\\\/logo\\\/image\\\/\",\"url\":\"https:\\\/\\\/onirikstudio.com\\\/wp-content\\\/uploads\\\/2025\\\/08\\\/LOGOTIPO-ONIRIK-STUDIO-BLANCO.png\",\"contentUrl\":\"https:\\\/\\\/onirikstudio.com\\\/wp-content\\\/uploads\\\/2025\\\/08\\\/LOGOTIPO-ONIRIK-STUDIO-BLANCO.png\",\"width\":1191,\"height\":420,\"caption\":\"OnirikStudio\"},\"image\":{\"@id\":\"https:\\\/\\\/onirikstudio.com\\\/#\\\/schema\\\/logo\\\/image\\\/\"}}]}<\/script>\n<!-- \/ Yoast SEO plugin. -->","yoast_head_json":{"title":"PRODUCCI\u00d3N AUDIOVISUAL - OnirikStudio","robots":{"index":"index","follow":"follow","max-snippet":"max-snippet:-1","max-image-preview":"max-image-preview:large","max-video-preview":"max-video-preview:-1"},"canonical":"https:\/\/onirikstudio.com\/?page_id=100","og_locale":"es_ES","og_type":"article","og_title":"PRODUCCI\u00d3N AUDIOVISUAL - OnirikStudio","og_description":"En Onirik Studio creemos en el poder de la imagen para transformar, emocionar y comunicar con profundidad. Nuestra \u00e1rea de producci\u00f3n audiovisual combina creatividad, tecnolog\u00eda y narrativa para dar vida a contenidos que conectan con las personas y elevan el valor de las marcas. Desarrollamos proyectos a medida, desde la idea inicial hasta el producto [&hellip;]","og_url":"https:\/\/onirikstudio.com\/?page_id=100","og_site_name":"OnirikStudio","article_modified_time":"2025-08-05T14:24:58+00:00","og_image":[{"width":2560,"height":1706,"url":"https:\/\/onirikstudio.com\/wp-content\/uploads\/2025\/08\/PROYECTOS-AUDIOVISUALES-scaled.jpg","type":"image\/jpeg"}],"twitter_card":"summary_large_image","twitter_misc":{"Tiempo de lectura":"1 minuto"},"schema":{"@context":"https:\/\/schema.org","@graph":[{"@type":"WebPage","@id":"https:\/\/onirikstudio.com\/?page_id=100","url":"https:\/\/onirikstudio.com\/?page_id=100","name":"PRODUCCI\u00d3N AUDIOVISUAL - OnirikStudio","isPartOf":{"@id":"https:\/\/onirikstudio.com\/#website"},"primaryImageOfPage":{"@id":"https:\/\/onirikstudio.com\/?page_id=100#primaryimage"},"image":{"@id":"https:\/\/onirikstudio.com\/?page_id=100#primaryimage"},"thumbnailUrl":"https:\/\/onirikstudio.com\/wp-content\/uploads\/2025\/08\/PROYECTOS-AUDIOVISUALES-scaled.jpg","datePublished":"2025-08-03T20:26:58+00:00","dateModified":"2025-08-05T14:24:58+00:00","breadcrumb":{"@id":"https:\/\/onirikstudio.com\/?page_id=100#breadcrumb"},"inLanguage":"es","potentialAction":[{"@type":"ReadAction","target":["https:\/\/onirikstudio.com\/?page_id=100"]}]},{"@type":"ImageObject","inLanguage":"es","@id":"https:\/\/onirikstudio.com\/?page_id=100#primaryimage","url":"https:\/\/onirikstudio.com\/wp-content\/uploads\/2025\/08\/PROYECTOS-AUDIOVISUALES-scaled.jpg","contentUrl":"https:\/\/onirikstudio.com\/wp-content\/uploads\/2025\/08\/PROYECTOS-AUDIOVISUALES-scaled.jpg","width":2560,"height":1706},{"@type":"BreadcrumbList","@id":"https:\/\/onirikstudio.com\/?page_id=100#breadcrumb","itemListElement":[{"@type":"ListItem","position":1,"name":"Portada","item":"https:\/\/onirikstudio.com\/"},{"@type":"ListItem","position":2,"name":"PRODUCCI\u00d3N AUDIOVISUAL"}]},{"@type":"WebSite","@id":"https:\/\/onirikstudio.com\/#website","url":"https:\/\/onirikstudio.com\/","name":"OnirikStudio","description":"","publisher":{"@id":"https:\/\/onirikstudio.com\/#organization"},"potentialAction":[{"@type":"SearchAction","target":{"@type":"EntryPoint","urlTemplate":"https:\/\/onirikstudio.com\/?s={search_term_string}"},"query-input":{"@type":"PropertyValueSpecification","valueRequired":true,"valueName":"search_term_string"}}],"inLanguage":"es"},{"@type":"Organization","@id":"https:\/\/onirikstudio.com\/#organization","name":"OnirikStudio","url":"https:\/\/onirikstudio.com\/","logo":{"@type":"ImageObject","inLanguage":"es","@id":"https:\/\/onirikstudio.com\/#\/schema\/logo\/image\/","url":"https:\/\/onirikstudio.com\/wp-content\/uploads\/2025\/08\/LOGOTIPO-ONIRIK-STUDIO-BLANCO.png","contentUrl":"https:\/\/onirikstudio.com\/wp-content\/uploads\/2025\/08\/LOGOTIPO-ONIRIK-STUDIO-BLANCO.png","width":1191,"height":420,"caption":"OnirikStudio"},"image":{"@id":"https:\/\/onirikstudio.com\/#\/schema\/logo\/image\/"}}]}},"_links":{"self":[{"href":"https:\/\/onirikstudio.com\/index.php?rest_route=\/wp\/v2\/pages\/100","targetHints":{"allow":["GET"]}}],"collection":[{"href":"https:\/\/onirikstudio.com\/index.php?rest_route=\/wp\/v2\/pages"}],"about":[{"href":"https:\/\/onirikstudio.com\/index.php?rest_route=\/wp\/v2\/types\/page"}],"author":[{"embeddable":true,"href":"https:\/\/onirikstudio.com\/index.php?rest_route=\/wp\/v2\/users\/1"}],"replies":[{"embeddable":true,"href":"https:\/\/onirikstudio.com\/index.php?rest_route=%2Fwp%2Fv2%2Fcomments&post=100"}],"version-history":[{"count":3,"href":"https:\/\/onirikstudio.com\/index.php?rest_route=\/wp\/v2\/pages\/100\/revisions"}],"predecessor-version":[{"id":527,"href":"https:\/\/onirikstudio.com\/index.php?rest_route=\/wp\/v2\/pages\/100\/revisions\/527"}],"wp:attachment":[{"href":"https:\/\/onirikstudio.com\/index.php?rest_route=%2Fwp%2Fv2%2Fmedia&parent=100"}],"curies":[{"name":"wp","href":"https:\/\/api.w.org\/{rel}","templated":true}]}}