{"id":103,"date":"2025-08-03T20:26:58","date_gmt":"2025-08-03T20:26:58","guid":{"rendered":"https:\/\/onirikstudio.com\/?page_id=103"},"modified":"2025-08-05T14:47:05","modified_gmt":"2025-08-05T14:47:05","slug":"gestion-de-revistas-online","status":"publish","type":"page","link":"https:\/\/onirikstudio.com\/?page_id=103","title":{"rendered":"GESTI\u00d3N DE REVISTAS ONLINE"},"content":{"rendered":"<div data-colibri-id=\"103-c1\" class=\"style-324 style-local-103-c1 position-relative\">\n  <!---->\n  <div data-colibri-component=\"section\" data-colibri-id=\"103-c2\" id=\"about\" class=\"h-section h-section-global-spacing d-flex align-items-lg-center align-items-md-center align-items-center style-325 style-local-103-c2 position-relative\">\n    <!---->\n    <!---->\n    <div class=\"h-section-grid-container h-section-boxed-container\">\n      <!---->\n      <div data-colibri-id=\"103-c3\" class=\"h-row-container gutters-row-lg-0 gutters-row-md-0 gutters-row-0 gutters-row-v-lg-0 gutters-row-v-md-0 gutters-row-v-0 style-326 style-local-103-c3 position-relative\">\n        <!---->\n        <div class=\"h-row justify-content-lg-center justify-content-md-center justify-content-center align-items-lg-stretch align-items-md-stretch align-items-stretch gutters-col-lg-0 gutters-col-md-0 gutters-col-0 gutters-col-v-lg-0 gutters-col-v-md-0 gutters-col-v-0\">\n          <!---->\n          <div class=\"h-column h-column-container d-flex h-col-lg-auto h-col-md-auto h-col-auto style-327-outer style-local-103-c4-outer\">\n            <div data-colibri-id=\"103-c4\" class=\"d-flex h-flex-basis h-column__inner h-px-lg-0 h-px-md-0 h-px-0 v-inner-lg-0 v-inner-md-0 v-inner-0 style-327 style-local-103-c4 position-relative\">\n              <!---->\n              <!---->\n              <div class=\"w-100 h-y-container h-column__content h-column__v-align flex-basis-100 align-self-lg-start align-self-md-start align-self-start\">\n                <!---->\n                <div data-colibri-id=\"103-c7\" class=\"h-text h-text-component style-330 style-local-103-c7 position-relative h-element\">\n                  <!---->\n                  <!---->\n                  <div class=\"\">\n                    <p>En <strong>Onirik Studio<\/strong> damos vida a <strong>revistas digitales innovadoras<\/strong>, adaptadas a los nuevos h\u00e1bitos de consumo y dise\u00f1adas para informar, inspirar y fidelizar audiencias.<\/p>\n                    <p>Desarrollamos el proyecto desde cero: conceptualizaci\u00f3n editorial, dise\u00f1o gr\u00e1fico responsive, arquitectura de contenidos, definici\u00f3n de secciones y l\u00ednea visual. Integramos tecnolog\u00eda, creatividad y estrategia para crear publicaciones\n                      que destacan por su <strong>usabilidad, est\u00e9tica y valor informativo<\/strong>.<\/p>\n                    <p>Adem\u00e1s, gestionamos su evoluci\u00f3n: redacci\u00f3n de art\u00edculos, edici\u00f3n visual, actualizaci\u00f3n continua de contenidos, campa\u00f1as de difusi\u00f3n, optimizaci\u00f3n SEO, boletines y anal\u00edtica de rendimiento. Ya sea una revista corporativa, cultural,\n                      de estilo de vida o sectorial, ofrecemos un enfoque integral y escalable.<\/p>\n                    <p><strong>Convertimos cada publicaci\u00f3n digital en un canal de comunicaci\u00f3n vivo, coherente y con identidad propia.<\/strong><\/p>\n                  <\/div>\n                <\/div>\n              <\/div>\n            <\/div>\n          <\/div>\n          <div class=\"h-column h-column-container d-flex h-col-lg-auto h-col-md-auto h-col-auto style-331-outer style-local-103-c8-outer\">\n            <div data-colibri-id=\"103-c8\" class=\"d-flex h-flex-basis h-column__inner h-ui-empty-state-container h-px-lg-2 h-px-md-2 h-px-2 v-inner-lg-2 v-inner-md-2 v-inner-2 style-331 style-local-103-c8 position-relative\">\n              <!---->\n              <!---->\n              <div class=\"w-100 h-y-container h-column__content h-column__v-align flex-basis-100\">\n                <!---->\n              <\/div>\n            <\/div>\n          <\/div>\n        <\/div>\n      <\/div>\n    <\/div>\n  <\/div>\n<\/div>","protected":false},"excerpt":{"rendered":"<p>En Onirik Studio damos vida a revistas digitales innovadoras, adaptadas a los nuevos h\u00e1bitos de consumo y dise\u00f1adas para informar, inspirar y fidelizar audiencias. Desarrollamos el proyecto desde cero: conceptualizaci\u00f3n editorial, dise\u00f1o gr\u00e1fico responsive, arquitectura de contenidos, definici\u00f3n de secciones y l\u00ednea visual. Integramos tecnolog\u00eda, creatividad y estrategia para crear publicaciones que destacan por su [&hellip;]<\/p>\n","protected":false},"author":1,"featured_media":0,"parent":0,"menu_order":0,"comment_status":"closed","ping_status":"closed","template":"page-templates\/full-width-page.php","meta":{"footnotes":""},"class_list":["post-103","page","type-page","status-publish","hentry"],"yoast_head":"<!-- This site is optimized with the Yoast SEO plugin v27.4 - https:\/\/yoast.com\/product\/yoast-seo-wordpress\/ -->\n<title>GESTI\u00d3N DE REVISTAS ONLINE - OnirikStudio<\/title>\n<meta name=\"robots\" content=\"index, follow, max-snippet:-1, max-image-preview:large, max-video-preview:-1\" \/>\n<link rel=\"canonical\" href=\"https:\/\/onirikstudio.com\/?page_id=103\" \/>\n<meta property=\"og:locale\" content=\"es_ES\" \/>\n<meta property=\"og:type\" content=\"article\" \/>\n<meta property=\"og:title\" content=\"GESTI\u00d3N DE REVISTAS ONLINE - OnirikStudio\" \/>\n<meta property=\"og:description\" content=\"En Onirik Studio damos vida a revistas digitales innovadoras, adaptadas a los nuevos h\u00e1bitos de consumo y dise\u00f1adas para informar, inspirar y fidelizar audiencias. Desarrollamos el proyecto desde cero: conceptualizaci\u00f3n editorial, dise\u00f1o gr\u00e1fico responsive, arquitectura de contenidos, definici\u00f3n de secciones y l\u00ednea visual. Integramos tecnolog\u00eda, creatividad y estrategia para crear publicaciones que destacan por su [&hellip;]\" \/>\n<meta property=\"og:url\" content=\"https:\/\/onirikstudio.com\/?page_id=103\" \/>\n<meta property=\"og:site_name\" content=\"OnirikStudio\" \/>\n<meta property=\"article:modified_time\" content=\"2025-08-05T14:47:05+00:00\" \/>\n<meta name=\"twitter:card\" content=\"summary_large_image\" \/>\n<meta name=\"twitter:label1\" content=\"Tiempo de lectura\" \/>\n\t<meta name=\"twitter:data1\" content=\"1 minuto\" \/>\n<script type=\"application\/ld+json\" class=\"yoast-schema-graph\">{\"@context\":\"https:\\\/\\\/schema.org\",\"@graph\":[{\"@type\":\"WebPage\",\"@id\":\"https:\\\/\\\/onirikstudio.com\\\/?page_id=103\",\"url\":\"https:\\\/\\\/onirikstudio.com\\\/?page_id=103\",\"name\":\"GESTI\u00d3N DE REVISTAS ONLINE - OnirikStudio\",\"isPartOf\":{\"@id\":\"https:\\\/\\\/onirikstudio.com\\\/#website\"},\"datePublished\":\"2025-08-03T20:26:58+00:00\",\"dateModified\":\"2025-08-05T14:47:05+00:00\",\"breadcrumb\":{\"@id\":\"https:\\\/\\\/onirikstudio.com\\\/?page_id=103#breadcrumb\"},\"inLanguage\":\"es\",\"potentialAction\":[{\"@type\":\"ReadAction\",\"target\":[\"https:\\\/\\\/onirikstudio.com\\\/?page_id=103\"]}]},{\"@type\":\"BreadcrumbList\",\"@id\":\"https:\\\/\\\/onirikstudio.com\\\/?page_id=103#breadcrumb\",\"itemListElement\":[{\"@type\":\"ListItem\",\"position\":1,\"name\":\"Portada\",\"item\":\"https:\\\/\\\/onirikstudio.com\\\/\"},{\"@type\":\"ListItem\",\"position\":2,\"name\":\"GESTI\u00d3N DE REVISTAS ONLINE\"}]},{\"@type\":\"WebSite\",\"@id\":\"https:\\\/\\\/onirikstudio.com\\\/#website\",\"url\":\"https:\\\/\\\/onirikstudio.com\\\/\",\"name\":\"OnirikStudio\",\"description\":\"\",\"publisher\":{\"@id\":\"https:\\\/\\\/onirikstudio.com\\\/#organization\"},\"potentialAction\":[{\"@type\":\"SearchAction\",\"target\":{\"@type\":\"EntryPoint\",\"urlTemplate\":\"https:\\\/\\\/onirikstudio.com\\\/?s={search_term_string}\"},\"query-input\":{\"@type\":\"PropertyValueSpecification\",\"valueRequired\":true,\"valueName\":\"search_term_string\"}}],\"inLanguage\":\"es\"},{\"@type\":\"Organization\",\"@id\":\"https:\\\/\\\/onirikstudio.com\\\/#organization\",\"name\":\"OnirikStudio\",\"url\":\"https:\\\/\\\/onirikstudio.com\\\/\",\"logo\":{\"@type\":\"ImageObject\",\"inLanguage\":\"es\",\"@id\":\"https:\\\/\\\/onirikstudio.com\\\/#\\\/schema\\\/logo\\\/image\\\/\",\"url\":\"https:\\\/\\\/onirikstudio.com\\\/wp-content\\\/uploads\\\/2025\\\/08\\\/LOGOTIPO-ONIRIK-STUDIO-BLANCO.png\",\"contentUrl\":\"https:\\\/\\\/onirikstudio.com\\\/wp-content\\\/uploads\\\/2025\\\/08\\\/LOGOTIPO-ONIRIK-STUDIO-BLANCO.png\",\"width\":1191,\"height\":420,\"caption\":\"OnirikStudio\"},\"image\":{\"@id\":\"https:\\\/\\\/onirikstudio.com\\\/#\\\/schema\\\/logo\\\/image\\\/\"}}]}<\/script>\n<!-- \/ Yoast SEO plugin. -->","yoast_head_json":{"title":"GESTI\u00d3N DE REVISTAS ONLINE - OnirikStudio","robots":{"index":"index","follow":"follow","max-snippet":"max-snippet:-1","max-image-preview":"max-image-preview:large","max-video-preview":"max-video-preview:-1"},"canonical":"https:\/\/onirikstudio.com\/?page_id=103","og_locale":"es_ES","og_type":"article","og_title":"GESTI\u00d3N DE REVISTAS ONLINE - OnirikStudio","og_description":"En Onirik Studio damos vida a revistas digitales innovadoras, adaptadas a los nuevos h\u00e1bitos de consumo y dise\u00f1adas para informar, inspirar y fidelizar audiencias. Desarrollamos el proyecto desde cero: conceptualizaci\u00f3n editorial, dise\u00f1o gr\u00e1fico responsive, arquitectura de contenidos, definici\u00f3n de secciones y l\u00ednea visual. Integramos tecnolog\u00eda, creatividad y estrategia para crear publicaciones que destacan por su [&hellip;]","og_url":"https:\/\/onirikstudio.com\/?page_id=103","og_site_name":"OnirikStudio","article_modified_time":"2025-08-05T14:47:05+00:00","twitter_card":"summary_large_image","twitter_misc":{"Tiempo de lectura":"1 minuto"},"schema":{"@context":"https:\/\/schema.org","@graph":[{"@type":"WebPage","@id":"https:\/\/onirikstudio.com\/?page_id=103","url":"https:\/\/onirikstudio.com\/?page_id=103","name":"GESTI\u00d3N DE REVISTAS ONLINE - OnirikStudio","isPartOf":{"@id":"https:\/\/onirikstudio.com\/#website"},"datePublished":"2025-08-03T20:26:58+00:00","dateModified":"2025-08-05T14:47:05+00:00","breadcrumb":{"@id":"https:\/\/onirikstudio.com\/?page_id=103#breadcrumb"},"inLanguage":"es","potentialAction":[{"@type":"ReadAction","target":["https:\/\/onirikstudio.com\/?page_id=103"]}]},{"@type":"BreadcrumbList","@id":"https:\/\/onirikstudio.com\/?page_id=103#breadcrumb","itemListElement":[{"@type":"ListItem","position":1,"name":"Portada","item":"https:\/\/onirikstudio.com\/"},{"@type":"ListItem","position":2,"name":"GESTI\u00d3N DE REVISTAS ONLINE"}]},{"@type":"WebSite","@id":"https:\/\/onirikstudio.com\/#website","url":"https:\/\/onirikstudio.com\/","name":"OnirikStudio","description":"","publisher":{"@id":"https:\/\/onirikstudio.com\/#organization"},"potentialAction":[{"@type":"SearchAction","target":{"@type":"EntryPoint","urlTemplate":"https:\/\/onirikstudio.com\/?s={search_term_string}"},"query-input":{"@type":"PropertyValueSpecification","valueRequired":true,"valueName":"search_term_string"}}],"inLanguage":"es"},{"@type":"Organization","@id":"https:\/\/onirikstudio.com\/#organization","name":"OnirikStudio","url":"https:\/\/onirikstudio.com\/","logo":{"@type":"ImageObject","inLanguage":"es","@id":"https:\/\/onirikstudio.com\/#\/schema\/logo\/image\/","url":"https:\/\/onirikstudio.com\/wp-content\/uploads\/2025\/08\/LOGOTIPO-ONIRIK-STUDIO-BLANCO.png","contentUrl":"https:\/\/onirikstudio.com\/wp-content\/uploads\/2025\/08\/LOGOTIPO-ONIRIK-STUDIO-BLANCO.png","width":1191,"height":420,"caption":"OnirikStudio"},"image":{"@id":"https:\/\/onirikstudio.com\/#\/schema\/logo\/image\/"}}]}},"_links":{"self":[{"href":"https:\/\/onirikstudio.com\/index.php?rest_route=\/wp\/v2\/pages\/103","targetHints":{"allow":["GET"]}}],"collection":[{"href":"https:\/\/onirikstudio.com\/index.php?rest_route=\/wp\/v2\/pages"}],"about":[{"href":"https:\/\/onirikstudio.com\/index.php?rest_route=\/wp\/v2\/types\/page"}],"author":[{"embeddable":true,"href":"https:\/\/onirikstudio.com\/index.php?rest_route=\/wp\/v2\/users\/1"}],"replies":[{"embeddable":true,"href":"https:\/\/onirikstudio.com\/index.php?rest_route=%2Fwp%2Fv2%2Fcomments&post=103"}],"version-history":[{"count":2,"href":"https:\/\/onirikstudio.com\/index.php?rest_route=\/wp\/v2\/pages\/103\/revisions"}],"predecessor-version":[{"id":559,"href":"https:\/\/onirikstudio.com\/index.php?rest_route=\/wp\/v2\/pages\/103\/revisions\/559"}],"wp:attachment":[{"href":"https:\/\/onirikstudio.com\/index.php?rest_route=%2Fwp%2Fv2%2Fmedia&parent=103"}],"curies":[{"name":"wp","href":"https:\/\/api.w.org\/{rel}","templated":true}]}}