{"id":104,"date":"2025-08-03T20:26:58","date_gmt":"2025-08-03T20:26:58","guid":{"rendered":"https:\/\/onirikstudio.com\/?page_id=104"},"modified":"2025-08-05T15:14:11","modified_gmt":"2025-08-05T15:14:11","slug":"organizacion-de-congresos-y-eventos","status":"publish","type":"page","link":"https:\/\/onirikstudio.com\/?page_id=104","title":{"rendered":"ORGANIZACI\u00d3N DE CONGRESOS Y EVENTOS"},"content":{"rendered":"<div data-colibri-id=\"104-c1\" class=\"style-340 style-local-104-c1 position-relative\">\n  <!---->\n  <div data-colibri-component=\"section\" data-colibri-id=\"104-c2\" id=\"about\" class=\"h-section h-section-global-spacing d-flex align-items-lg-center align-items-md-center align-items-center style-341 style-local-104-c2 position-relative\">\n    <!---->\n    <!---->\n    <div class=\"h-section-grid-container h-section-boxed-container\">\n      <!---->\n      <div data-colibri-id=\"104-c3\" class=\"h-row-container gutters-row-lg-0 gutters-row-md-0 gutters-row-0 gutters-row-v-lg-0 gutters-row-v-md-0 gutters-row-v-0 style-342 style-local-104-c3 position-relative\">\n        <!---->\n        <div class=\"h-row justify-content-lg-center justify-content-md-center justify-content-center align-items-lg-stretch align-items-md-stretch align-items-stretch gutters-col-lg-0 gutters-col-md-0 gutters-col-0 gutters-col-v-lg-0 gutters-col-v-md-0 gutters-col-v-0\">\n          <!---->\n          <div class=\"h-column h-column-container d-flex h-col-lg-auto h-col-md-auto h-col-auto style-343-outer style-local-104-c4-outer\">\n            <div data-colibri-id=\"104-c4\" class=\"d-flex h-flex-basis h-column__inner h-px-lg-0 h-px-md-0 h-px-0 v-inner-lg-0 v-inner-md-0 v-inner-0 style-343 style-local-104-c4 position-relative\">\n              <!---->\n              <!---->\n              <div class=\"w-100 h-y-container h-column__content h-column__v-align flex-basis-100 align-self-lg-start align-self-md-start align-self-start\">\n                <!---->\n                <div data-colibri-id=\"104-c7\" class=\"h-text h-text-component style-346 style-local-104-c7 position-relative h-element\">\n                  <!---->\n                  <!---->\n                  <div class=\"\">\n                    <p>En <strong>Onirik Studio<\/strong> convertimos ideas en experiencias inolvidables. Somos especialistas en la organizaci\u00f3n integral de <strong>congresos, ferias, presentaciones corporativas, encuentros institucionales, ruedas de prensa, eventos h\u00edbridos y experiencias en vivo<\/strong>,\n                      tanto en Espa\u00f1a como en Latinoam\u00e9rica.<\/p>\n                    <p>Nos encargamos de todo el proceso: conceptualizaci\u00f3n, dise\u00f1o de identidad visual del evento, gesti\u00f3n de espacios, producci\u00f3n t\u00e9cnica, escenograf\u00eda, comunicaci\u00f3n previa y posterior, cobertura audiovisual, retransmisi\u00f3n en directo (streaming),\n                      y asistencia log\u00edstica.<\/p>\n                    <p>Contamos con un equipo multidisciplinar que une creatividad, tecnolog\u00eda y estrategia para que cada evento tenga impacto, coherencia y valor. Nos adaptamos a las necesidades de cada cliente, sea una gran instituci\u00f3n, una marca, una\n                      startup o un organismo p\u00fablico.<\/p>\n                    <p><strong>Creamos eventos que comunican, emocionan y posicionan.<\/strong><\/p>\n                  <\/div>\n                <\/div>\n              <\/div>\n            <\/div>\n          <\/div>\n          <div class=\"h-column h-column-container d-flex h-col-lg-auto h-col-md-auto h-col-auto style-347-outer style-local-104-c8-outer\">\n            <div data-colibri-id=\"104-c8\" class=\"d-flex h-flex-basis h-column__inner h-ui-empty-state-container h-px-lg-2 h-px-md-2 h-px-2 v-inner-lg-2 v-inner-md-2 v-inner-2 style-347 style-local-104-c8 position-relative\">\n              <!---->\n              <!---->\n              <div class=\"w-100 h-y-container h-column__content h-column__v-align flex-basis-100\">\n                <!---->\n              <\/div>\n            <\/div>\n          <\/div>\n        <\/div>\n      <\/div>\n    <\/div>\n  <\/div>\n<\/div>","protected":false},"excerpt":{"rendered":"<p>En Onirik Studio convertimos ideas en experiencias inolvidables. Somos especialistas en la organizaci\u00f3n integral de congresos, ferias, presentaciones corporativas, encuentros institucionales, ruedas de prensa, eventos h\u00edbridos y experiencias en vivo, tanto en Espa\u00f1a como en Latinoam\u00e9rica. Nos encargamos de todo el proceso: conceptualizaci\u00f3n, dise\u00f1o de identidad visual del evento, gesti\u00f3n de espacios, producci\u00f3n t\u00e9cnica, escenograf\u00eda, [&hellip;]<\/p>\n","protected":false},"author":1,"featured_media":0,"parent":0,"menu_order":0,"comment_status":"closed","ping_status":"closed","template":"page-templates\/full-width-page.php","meta":{"footnotes":""},"class_list":["post-104","page","type-page","status-publish","hentry"],"yoast_head":"<!-- This site is optimized with the Yoast SEO plugin v27.4 - https:\/\/yoast.com\/product\/yoast-seo-wordpress\/ -->\n<title>ORGANIZACI\u00d3N DE CONGRESOS Y EVENTOS - OnirikStudio<\/title>\n<meta name=\"robots\" content=\"index, follow, max-snippet:-1, max-image-preview:large, max-video-preview:-1\" \/>\n<link rel=\"canonical\" href=\"https:\/\/onirikstudio.com\/?page_id=104\" \/>\n<meta property=\"og:locale\" content=\"es_ES\" \/>\n<meta property=\"og:type\" content=\"article\" \/>\n<meta property=\"og:title\" content=\"ORGANIZACI\u00d3N DE CONGRESOS Y EVENTOS - OnirikStudio\" \/>\n<meta property=\"og:description\" content=\"En Onirik Studio convertimos ideas en experiencias inolvidables. Somos especialistas en la organizaci\u00f3n integral de congresos, ferias, presentaciones corporativas, encuentros institucionales, ruedas de prensa, eventos h\u00edbridos y experiencias en vivo, tanto en Espa\u00f1a como en Latinoam\u00e9rica. Nos encargamos de todo el proceso: conceptualizaci\u00f3n, dise\u00f1o de identidad visual del evento, gesti\u00f3n de espacios, producci\u00f3n t\u00e9cnica, escenograf\u00eda, [&hellip;]\" \/>\n<meta property=\"og:url\" content=\"https:\/\/onirikstudio.com\/?page_id=104\" \/>\n<meta property=\"og:site_name\" content=\"OnirikStudio\" \/>\n<meta property=\"article:modified_time\" content=\"2025-08-05T15:14:11+00:00\" \/>\n<meta name=\"twitter:card\" content=\"summary_large_image\" \/>\n<meta name=\"twitter:label1\" content=\"Tiempo de lectura\" \/>\n\t<meta name=\"twitter:data1\" content=\"1 minuto\" \/>\n<script type=\"application\/ld+json\" class=\"yoast-schema-graph\">{\"@context\":\"https:\\\/\\\/schema.org\",\"@graph\":[{\"@type\":\"WebPage\",\"@id\":\"https:\\\/\\\/onirikstudio.com\\\/?page_id=104\",\"url\":\"https:\\\/\\\/onirikstudio.com\\\/?page_id=104\",\"name\":\"ORGANIZACI\u00d3N DE CONGRESOS Y EVENTOS - OnirikStudio\",\"isPartOf\":{\"@id\":\"https:\\\/\\\/onirikstudio.com\\\/#website\"},\"datePublished\":\"2025-08-03T20:26:58+00:00\",\"dateModified\":\"2025-08-05T15:14:11+00:00\",\"breadcrumb\":{\"@id\":\"https:\\\/\\\/onirikstudio.com\\\/?page_id=104#breadcrumb\"},\"inLanguage\":\"es\",\"potentialAction\":[{\"@type\":\"ReadAction\",\"target\":[\"https:\\\/\\\/onirikstudio.com\\\/?page_id=104\"]}]},{\"@type\":\"BreadcrumbList\",\"@id\":\"https:\\\/\\\/onirikstudio.com\\\/?page_id=104#breadcrumb\",\"itemListElement\":[{\"@type\":\"ListItem\",\"position\":1,\"name\":\"Portada\",\"item\":\"https:\\\/\\\/onirikstudio.com\\\/\"},{\"@type\":\"ListItem\",\"position\":2,\"name\":\"ORGANIZACI\u00d3N DE CONGRESOS Y EVENTOS\"}]},{\"@type\":\"WebSite\",\"@id\":\"https:\\\/\\\/onirikstudio.com\\\/#website\",\"url\":\"https:\\\/\\\/onirikstudio.com\\\/\",\"name\":\"OnirikStudio\",\"description\":\"\",\"publisher\":{\"@id\":\"https:\\\/\\\/onirikstudio.com\\\/#organization\"},\"potentialAction\":[{\"@type\":\"SearchAction\",\"target\":{\"@type\":\"EntryPoint\",\"urlTemplate\":\"https:\\\/\\\/onirikstudio.com\\\/?s={search_term_string}\"},\"query-input\":{\"@type\":\"PropertyValueSpecification\",\"valueRequired\":true,\"valueName\":\"search_term_string\"}}],\"inLanguage\":\"es\"},{\"@type\":\"Organization\",\"@id\":\"https:\\\/\\\/onirikstudio.com\\\/#organization\",\"name\":\"OnirikStudio\",\"url\":\"https:\\\/\\\/onirikstudio.com\\\/\",\"logo\":{\"@type\":\"ImageObject\",\"inLanguage\":\"es\",\"@id\":\"https:\\\/\\\/onirikstudio.com\\\/#\\\/schema\\\/logo\\\/image\\\/\",\"url\":\"https:\\\/\\\/onirikstudio.com\\\/wp-content\\\/uploads\\\/2025\\\/08\\\/LOGOTIPO-ONIRIK-STUDIO-BLANCO.png\",\"contentUrl\":\"https:\\\/\\\/onirikstudio.com\\\/wp-content\\\/uploads\\\/2025\\\/08\\\/LOGOTIPO-ONIRIK-STUDIO-BLANCO.png\",\"width\":1191,\"height\":420,\"caption\":\"OnirikStudio\"},\"image\":{\"@id\":\"https:\\\/\\\/onirikstudio.com\\\/#\\\/schema\\\/logo\\\/image\\\/\"}}]}<\/script>\n<!-- \/ Yoast SEO plugin. -->","yoast_head_json":{"title":"ORGANIZACI\u00d3N DE CONGRESOS Y EVENTOS - OnirikStudio","robots":{"index":"index","follow":"follow","max-snippet":"max-snippet:-1","max-image-preview":"max-image-preview:large","max-video-preview":"max-video-preview:-1"},"canonical":"https:\/\/onirikstudio.com\/?page_id=104","og_locale":"es_ES","og_type":"article","og_title":"ORGANIZACI\u00d3N DE CONGRESOS Y EVENTOS - OnirikStudio","og_description":"En Onirik Studio convertimos ideas en experiencias inolvidables. Somos especialistas en la organizaci\u00f3n integral de congresos, ferias, presentaciones corporativas, encuentros institucionales, ruedas de prensa, eventos h\u00edbridos y experiencias en vivo, tanto en Espa\u00f1a como en Latinoam\u00e9rica. Nos encargamos de todo el proceso: conceptualizaci\u00f3n, dise\u00f1o de identidad visual del evento, gesti\u00f3n de espacios, producci\u00f3n t\u00e9cnica, escenograf\u00eda, [&hellip;]","og_url":"https:\/\/onirikstudio.com\/?page_id=104","og_site_name":"OnirikStudio","article_modified_time":"2025-08-05T15:14:11+00:00","twitter_card":"summary_large_image","twitter_misc":{"Tiempo de lectura":"1 minuto"},"schema":{"@context":"https:\/\/schema.org","@graph":[{"@type":"WebPage","@id":"https:\/\/onirikstudio.com\/?page_id=104","url":"https:\/\/onirikstudio.com\/?page_id=104","name":"ORGANIZACI\u00d3N DE CONGRESOS Y EVENTOS - OnirikStudio","isPartOf":{"@id":"https:\/\/onirikstudio.com\/#website"},"datePublished":"2025-08-03T20:26:58+00:00","dateModified":"2025-08-05T15:14:11+00:00","breadcrumb":{"@id":"https:\/\/onirikstudio.com\/?page_id=104#breadcrumb"},"inLanguage":"es","potentialAction":[{"@type":"ReadAction","target":["https:\/\/onirikstudio.com\/?page_id=104"]}]},{"@type":"BreadcrumbList","@id":"https:\/\/onirikstudio.com\/?page_id=104#breadcrumb","itemListElement":[{"@type":"ListItem","position":1,"name":"Portada","item":"https:\/\/onirikstudio.com\/"},{"@type":"ListItem","position":2,"name":"ORGANIZACI\u00d3N DE CONGRESOS Y EVENTOS"}]},{"@type":"WebSite","@id":"https:\/\/onirikstudio.com\/#website","url":"https:\/\/onirikstudio.com\/","name":"OnirikStudio","description":"","publisher":{"@id":"https:\/\/onirikstudio.com\/#organization"},"potentialAction":[{"@type":"SearchAction","target":{"@type":"EntryPoint","urlTemplate":"https:\/\/onirikstudio.com\/?s={search_term_string}"},"query-input":{"@type":"PropertyValueSpecification","valueRequired":true,"valueName":"search_term_string"}}],"inLanguage":"es"},{"@type":"Organization","@id":"https:\/\/onirikstudio.com\/#organization","name":"OnirikStudio","url":"https:\/\/onirikstudio.com\/","logo":{"@type":"ImageObject","inLanguage":"es","@id":"https:\/\/onirikstudio.com\/#\/schema\/logo\/image\/","url":"https:\/\/onirikstudio.com\/wp-content\/uploads\/2025\/08\/LOGOTIPO-ONIRIK-STUDIO-BLANCO.png","contentUrl":"https:\/\/onirikstudio.com\/wp-content\/uploads\/2025\/08\/LOGOTIPO-ONIRIK-STUDIO-BLANCO.png","width":1191,"height":420,"caption":"OnirikStudio"},"image":{"@id":"https:\/\/onirikstudio.com\/#\/schema\/logo\/image\/"}}]}},"_links":{"self":[{"href":"https:\/\/onirikstudio.com\/index.php?rest_route=\/wp\/v2\/pages\/104","targetHints":{"allow":["GET"]}}],"collection":[{"href":"https:\/\/onirikstudio.com\/index.php?rest_route=\/wp\/v2\/pages"}],"about":[{"href":"https:\/\/onirikstudio.com\/index.php?rest_route=\/wp\/v2\/types\/page"}],"author":[{"embeddable":true,"href":"https:\/\/onirikstudio.com\/index.php?rest_route=\/wp\/v2\/users\/1"}],"replies":[{"embeddable":true,"href":"https:\/\/onirikstudio.com\/index.php?rest_route=%2Fwp%2Fv2%2Fcomments&post=104"}],"version-history":[{"count":2,"href":"https:\/\/onirikstudio.com\/index.php?rest_route=\/wp\/v2\/pages\/104\/revisions"}],"predecessor-version":[{"id":575,"href":"https:\/\/onirikstudio.com\/index.php?rest_route=\/wp\/v2\/pages\/104\/revisions\/575"}],"wp:attachment":[{"href":"https:\/\/onirikstudio.com\/index.php?rest_route=%2Fwp%2Fv2%2Fmedia&parent=104"}],"curies":[{"name":"wp","href":"https:\/\/api.w.org\/{rel}","templated":true}]}}