{"id":105,"date":"2025-08-03T20:26:58","date_gmt":"2025-08-03T20:26:58","guid":{"rendered":"https:\/\/onirikstudio.com\/?page_id=105"},"modified":"2025-08-05T14:52:19","modified_gmt":"2025-08-05T14:52:19","slug":"creacion-y-gestion-de-canales-de-television","status":"publish","type":"page","link":"https:\/\/onirikstudio.com\/?page_id=105","title":{"rendered":"CREACI\u00d3N Y GESTI\u00d3N DE CANALES DE TELEVISI\u00d3N"},"content":{"rendered":"<div data-colibri-id=\"105-c1\" class=\"style-332 style-local-105-c1 position-relative\">\n  <!---->\n  <div data-colibri-component=\"section\" data-colibri-id=\"105-c2\" id=\"about\" class=\"h-section h-section-global-spacing d-flex align-items-lg-center align-items-md-center align-items-center style-333 style-local-105-c2 position-relative\">\n    <!---->\n    <!---->\n    <div class=\"h-section-grid-container h-section-boxed-container\">\n      <!---->\n      <div data-colibri-id=\"105-c3\" class=\"h-row-container gutters-row-lg-0 gutters-row-md-0 gutters-row-0 gutters-row-v-lg-0 gutters-row-v-md-0 gutters-row-v-0 style-334 style-local-105-c3 position-relative\">\n        <!---->\n        <div class=\"h-row justify-content-lg-center justify-content-md-center justify-content-center align-items-lg-stretch align-items-md-stretch align-items-stretch gutters-col-lg-0 gutters-col-md-0 gutters-col-0 gutters-col-v-lg-0 gutters-col-v-md-0 gutters-col-v-0\">\n          <!---->\n          <div class=\"h-column h-column-container d-flex h-col-lg-auto h-col-md-auto h-col-auto style-335-outer style-local-105-c4-outer\">\n            <div data-colibri-id=\"105-c4\" class=\"d-flex h-flex-basis h-column__inner h-px-lg-0 h-px-md-0 h-px-0 v-inner-lg-0 v-inner-md-0 v-inner-0 style-335 style-local-105-c4 position-relative\">\n              <!---->\n              <!---->\n              <div class=\"w-100 h-y-container h-column__content h-column__v-align flex-basis-100 align-self-lg-start align-self-md-start align-self-start\">\n                <!---->\n                <div data-colibri-id=\"105-c7\" class=\"h-text h-text-component style-338 style-local-105-c7 position-relative h-element\">\n                  <!---->\n                  <!---->\n                  <div class=\"\">\n                    <p>En <strong>Onirik Studio<\/strong> somos pioneros en el desarrollo de <strong>canales de televisi\u00f3n en streaming tipo FAST<\/strong>, un modelo en auge que combina emisi\u00f3n lineal con la flexibilidad del entorno digital. Creamos canales\n                      tem\u00e1ticos, locales o de marca que emiten 24\/7 y se monetizan a trav\u00e9s de publicidad, sin necesidad de suscripci\u00f3n.<\/p>\n                    <p>Ofrecemos un servicio <strong>llave en mano<\/strong>, que abarca desde la conceptualizaci\u00f3n del canal, su identidad visual, parrilla de programaci\u00f3n y contenidos originales, hasta la gesti\u00f3n t\u00e9cnica: CDN, plataforma OTT, inserci\u00f3n\n                      publicitaria (SSAI), emisi\u00f3n multi-dispositivo y an\u00e1lisis de audiencias.<\/p>\n                    <p>Dise\u00f1amos canales para entidades p\u00fablicas, marcas privadas, medios de comunicaci\u00f3n o comunidades locales, adaptando el modelo FAST a sus necesidades estrat\u00e9gicas y comerciales. Adem\u00e1s, integramos funcionalidades de marketing y data\n                      para una <strong>experiencia de usuario y retorno publicitario optimizados<\/strong>.<\/p>\n                    <p><strong>Televisi\u00f3n en directo, con alma digital. Y al alcance de todos.<\/strong><\/p>\n                  <\/div>\n                <\/div>\n              <\/div>\n            <\/div>\n          <\/div>\n          <div class=\"h-column h-column-container d-flex h-col-lg-auto h-col-md-auto h-col-auto style-339-outer style-local-105-c8-outer\">\n            <div data-colibri-id=\"105-c8\" class=\"d-flex h-flex-basis h-column__inner h-ui-empty-state-container h-px-lg-2 h-px-md-2 h-px-2 v-inner-lg-2 v-inner-md-2 v-inner-2 style-339 style-local-105-c8 position-relative\">\n              <!---->\n              <!---->\n              <div class=\"w-100 h-y-container h-column__content h-column__v-align flex-basis-100\">\n                <!---->\n              <\/div>\n            <\/div>\n          <\/div>\n        <\/div>\n      <\/div>\n    <\/div>\n  <\/div>\n<\/div>","protected":false},"excerpt":{"rendered":"<p>En Onirik Studio somos pioneros en el desarrollo de canales de televisi\u00f3n en streaming tipo FAST, un modelo en auge que combina emisi\u00f3n lineal con la flexibilidad del entorno digital. Creamos canales tem\u00e1ticos, locales o de marca que emiten 24\/7 y se monetizan a trav\u00e9s de publicidad, sin necesidad de suscripci\u00f3n. Ofrecemos un servicio llave [&hellip;]<\/p>\n","protected":false},"author":1,"featured_media":0,"parent":0,"menu_order":0,"comment_status":"closed","ping_status":"closed","template":"page-templates\/full-width-page.php","meta":{"footnotes":""},"class_list":["post-105","page","type-page","status-publish","hentry"],"yoast_head":"<!-- This site is optimized with the Yoast SEO plugin v27.4 - https:\/\/yoast.com\/product\/yoast-seo-wordpress\/ -->\n<title>CREACI\u00d3N Y GESTI\u00d3N DE CANALES DE TELEVISI\u00d3N - OnirikStudio<\/title>\n<meta name=\"robots\" content=\"index, follow, max-snippet:-1, max-image-preview:large, max-video-preview:-1\" \/>\n<link rel=\"canonical\" href=\"https:\/\/onirikstudio.com\/?page_id=105\" \/>\n<meta property=\"og:locale\" content=\"es_ES\" \/>\n<meta property=\"og:type\" content=\"article\" \/>\n<meta property=\"og:title\" content=\"CREACI\u00d3N Y GESTI\u00d3N DE CANALES DE TELEVISI\u00d3N - OnirikStudio\" \/>\n<meta property=\"og:description\" content=\"En Onirik Studio somos pioneros en el desarrollo de canales de televisi\u00f3n en streaming tipo FAST, un modelo en auge que combina emisi\u00f3n lineal con la flexibilidad del entorno digital. Creamos canales tem\u00e1ticos, locales o de marca que emiten 24\/7 y se monetizan a trav\u00e9s de publicidad, sin necesidad de suscripci\u00f3n. Ofrecemos un servicio llave [&hellip;]\" \/>\n<meta property=\"og:url\" content=\"https:\/\/onirikstudio.com\/?page_id=105\" \/>\n<meta property=\"og:site_name\" content=\"OnirikStudio\" \/>\n<meta property=\"article:modified_time\" content=\"2025-08-05T14:52:19+00:00\" \/>\n<meta name=\"twitter:card\" content=\"summary_large_image\" \/>\n<meta name=\"twitter:label1\" content=\"Tiempo de lectura\" \/>\n\t<meta name=\"twitter:data1\" content=\"1 minuto\" \/>\n<script type=\"application\/ld+json\" class=\"yoast-schema-graph\">{\"@context\":\"https:\\\/\\\/schema.org\",\"@graph\":[{\"@type\":\"WebPage\",\"@id\":\"https:\\\/\\\/onirikstudio.com\\\/?page_id=105\",\"url\":\"https:\\\/\\\/onirikstudio.com\\\/?page_id=105\",\"name\":\"CREACI\u00d3N Y GESTI\u00d3N DE CANALES DE TELEVISI\u00d3N - OnirikStudio\",\"isPartOf\":{\"@id\":\"https:\\\/\\\/onirikstudio.com\\\/#website\"},\"datePublished\":\"2025-08-03T20:26:58+00:00\",\"dateModified\":\"2025-08-05T14:52:19+00:00\",\"breadcrumb\":{\"@id\":\"https:\\\/\\\/onirikstudio.com\\\/?page_id=105#breadcrumb\"},\"inLanguage\":\"es\",\"potentialAction\":[{\"@type\":\"ReadAction\",\"target\":[\"https:\\\/\\\/onirikstudio.com\\\/?page_id=105\"]}]},{\"@type\":\"BreadcrumbList\",\"@id\":\"https:\\\/\\\/onirikstudio.com\\\/?page_id=105#breadcrumb\",\"itemListElement\":[{\"@type\":\"ListItem\",\"position\":1,\"name\":\"Portada\",\"item\":\"https:\\\/\\\/onirikstudio.com\\\/\"},{\"@type\":\"ListItem\",\"position\":2,\"name\":\"CREACI\u00d3N Y GESTI\u00d3N DE CANALES DE TELEVISI\u00d3N\"}]},{\"@type\":\"WebSite\",\"@id\":\"https:\\\/\\\/onirikstudio.com\\\/#website\",\"url\":\"https:\\\/\\\/onirikstudio.com\\\/\",\"name\":\"OnirikStudio\",\"description\":\"\",\"publisher\":{\"@id\":\"https:\\\/\\\/onirikstudio.com\\\/#organization\"},\"potentialAction\":[{\"@type\":\"SearchAction\",\"target\":{\"@type\":\"EntryPoint\",\"urlTemplate\":\"https:\\\/\\\/onirikstudio.com\\\/?s={search_term_string}\"},\"query-input\":{\"@type\":\"PropertyValueSpecification\",\"valueRequired\":true,\"valueName\":\"search_term_string\"}}],\"inLanguage\":\"es\"},{\"@type\":\"Organization\",\"@id\":\"https:\\\/\\\/onirikstudio.com\\\/#organization\",\"name\":\"OnirikStudio\",\"url\":\"https:\\\/\\\/onirikstudio.com\\\/\",\"logo\":{\"@type\":\"ImageObject\",\"inLanguage\":\"es\",\"@id\":\"https:\\\/\\\/onirikstudio.com\\\/#\\\/schema\\\/logo\\\/image\\\/\",\"url\":\"https:\\\/\\\/onirikstudio.com\\\/wp-content\\\/uploads\\\/2025\\\/08\\\/LOGOTIPO-ONIRIK-STUDIO-BLANCO.png\",\"contentUrl\":\"https:\\\/\\\/onirikstudio.com\\\/wp-content\\\/uploads\\\/2025\\\/08\\\/LOGOTIPO-ONIRIK-STUDIO-BLANCO.png\",\"width\":1191,\"height\":420,\"caption\":\"OnirikStudio\"},\"image\":{\"@id\":\"https:\\\/\\\/onirikstudio.com\\\/#\\\/schema\\\/logo\\\/image\\\/\"}}]}<\/script>\n<!-- \/ Yoast SEO plugin. -->","yoast_head_json":{"title":"CREACI\u00d3N Y GESTI\u00d3N DE CANALES DE TELEVISI\u00d3N - OnirikStudio","robots":{"index":"index","follow":"follow","max-snippet":"max-snippet:-1","max-image-preview":"max-image-preview:large","max-video-preview":"max-video-preview:-1"},"canonical":"https:\/\/onirikstudio.com\/?page_id=105","og_locale":"es_ES","og_type":"article","og_title":"CREACI\u00d3N Y GESTI\u00d3N DE CANALES DE TELEVISI\u00d3N - OnirikStudio","og_description":"En Onirik Studio somos pioneros en el desarrollo de canales de televisi\u00f3n en streaming tipo FAST, un modelo en auge que combina emisi\u00f3n lineal con la flexibilidad del entorno digital. Creamos canales tem\u00e1ticos, locales o de marca que emiten 24\/7 y se monetizan a trav\u00e9s de publicidad, sin necesidad de suscripci\u00f3n. Ofrecemos un servicio llave [&hellip;]","og_url":"https:\/\/onirikstudio.com\/?page_id=105","og_site_name":"OnirikStudio","article_modified_time":"2025-08-05T14:52:19+00:00","twitter_card":"summary_large_image","twitter_misc":{"Tiempo de lectura":"1 minuto"},"schema":{"@context":"https:\/\/schema.org","@graph":[{"@type":"WebPage","@id":"https:\/\/onirikstudio.com\/?page_id=105","url":"https:\/\/onirikstudio.com\/?page_id=105","name":"CREACI\u00d3N Y GESTI\u00d3N DE CANALES DE TELEVISI\u00d3N - OnirikStudio","isPartOf":{"@id":"https:\/\/onirikstudio.com\/#website"},"datePublished":"2025-08-03T20:26:58+00:00","dateModified":"2025-08-05T14:52:19+00:00","breadcrumb":{"@id":"https:\/\/onirikstudio.com\/?page_id=105#breadcrumb"},"inLanguage":"es","potentialAction":[{"@type":"ReadAction","target":["https:\/\/onirikstudio.com\/?page_id=105"]}]},{"@type":"BreadcrumbList","@id":"https:\/\/onirikstudio.com\/?page_id=105#breadcrumb","itemListElement":[{"@type":"ListItem","position":1,"name":"Portada","item":"https:\/\/onirikstudio.com\/"},{"@type":"ListItem","position":2,"name":"CREACI\u00d3N Y GESTI\u00d3N DE CANALES DE TELEVISI\u00d3N"}]},{"@type":"WebSite","@id":"https:\/\/onirikstudio.com\/#website","url":"https:\/\/onirikstudio.com\/","name":"OnirikStudio","description":"","publisher":{"@id":"https:\/\/onirikstudio.com\/#organization"},"potentialAction":[{"@type":"SearchAction","target":{"@type":"EntryPoint","urlTemplate":"https:\/\/onirikstudio.com\/?s={search_term_string}"},"query-input":{"@type":"PropertyValueSpecification","valueRequired":true,"valueName":"search_term_string"}}],"inLanguage":"es"},{"@type":"Organization","@id":"https:\/\/onirikstudio.com\/#organization","name":"OnirikStudio","url":"https:\/\/onirikstudio.com\/","logo":{"@type":"ImageObject","inLanguage":"es","@id":"https:\/\/onirikstudio.com\/#\/schema\/logo\/image\/","url":"https:\/\/onirikstudio.com\/wp-content\/uploads\/2025\/08\/LOGOTIPO-ONIRIK-STUDIO-BLANCO.png","contentUrl":"https:\/\/onirikstudio.com\/wp-content\/uploads\/2025\/08\/LOGOTIPO-ONIRIK-STUDIO-BLANCO.png","width":1191,"height":420,"caption":"OnirikStudio"},"image":{"@id":"https:\/\/onirikstudio.com\/#\/schema\/logo\/image\/"}}]}},"_links":{"self":[{"href":"https:\/\/onirikstudio.com\/index.php?rest_route=\/wp\/v2\/pages\/105","targetHints":{"allow":["GET"]}}],"collection":[{"href":"https:\/\/onirikstudio.com\/index.php?rest_route=\/wp\/v2\/pages"}],"about":[{"href":"https:\/\/onirikstudio.com\/index.php?rest_route=\/wp\/v2\/types\/page"}],"author":[{"embeddable":true,"href":"https:\/\/onirikstudio.com\/index.php?rest_route=\/wp\/v2\/users\/1"}],"replies":[{"embeddable":true,"href":"https:\/\/onirikstudio.com\/index.php?rest_route=%2Fwp%2Fv2%2Fcomments&post=105"}],"version-history":[{"count":2,"href":"https:\/\/onirikstudio.com\/index.php?rest_route=\/wp\/v2\/pages\/105\/revisions"}],"predecessor-version":[{"id":567,"href":"https:\/\/onirikstudio.com\/index.php?rest_route=\/wp\/v2\/pages\/105\/revisions\/567"}],"wp:attachment":[{"href":"https:\/\/onirikstudio.com\/index.php?rest_route=%2Fwp%2Fv2%2Fmedia&parent=105"}],"curies":[{"name":"wp","href":"https:\/\/api.w.org\/{rel}","templated":true}]}}