{"id":108,"date":"2025-08-03T20:26:58","date_gmt":"2025-08-03T20:26:58","guid":{"rendered":"https:\/\/onirikstudio.com\/?page_id=108"},"modified":"2025-08-05T11:16:17","modified_gmt":"2025-08-05T11:16:17","slug":"departamento-de-prensa","status":"publish","type":"page","link":"https:\/\/onirikstudio.com\/?page_id=108","title":{"rendered":"DEPARTAMENTO DE PRENSA"},"content":{"rendered":"\t\t<div data-elementor-type=\"wp-page\" data-elementor-id=\"108\" class=\"elementor elementor-108\">\n\t\t\t\t<div class=\"elementor-element elementor-element-6c2659a e-con-full e-flex e-con e-parent\" data-id=\"6c2659a\" data-element_type=\"container\" data-e-type=\"container\">\n\t\t\t\t<div class=\"elementor-element elementor-element-68ba2ad elementor-widget__width-initial elementor-widget elementor-widget-text-editor\" data-id=\"68ba2ad\" data-element_type=\"widget\" data-e-type=\"widget\" data-widget_type=\"text-editor.default\">\n\t\t\t\t\t\t\t\t\t<p data-start=\"246\" data-end=\"543\"><br><\/p><p data-start=\"246\" data-end=\"543\"><br><\/p><p data-start=\"246\" data-end=\"543\">En <strong data-start=\"249\" data-end=\"266\">Onirik Studio<\/strong> entendemos la comunicaci\u00f3n como un puente entre lo que hacemos y c\u00f3mo lo perciben los dem\u00e1s. Nuestro departamento de Comunicaci\u00f3n Corporativa no se limita a informar: <strong data-start=\"434\" data-end=\"522\">construye relato, protege la reputaci\u00f3n y fortalece el v\u00ednculo con nuestros p\u00fablicos<\/strong> internos y externos.<\/p>\n<p data-start=\"545\" data-end=\"853\">Desde notas de prensa hasta estrategias multicanal, desde la gesti\u00f3n de entrevistas hasta la narrativa institucional de nuestros proyectos, <strong data-start=\"685\" data-end=\"738\">cuidamos cada palabra, cada imagen y cada mensaje<\/strong> que representa a nuestra marca. La coherencia entre lo que decimos y lo que hacemos es parte de nuestra identidad.<\/p>\n<p data-start=\"855\" data-end=\"1166\">Nos relacionamos con medios de comunicaci\u00f3n, clientes, instituciones, plataformas digitales y colaboradores con un enfoque claro: <strong data-start=\"985\" data-end=\"1035\">transparencia, profesionalidad y valor a\u00f1adido<\/strong>. Acompa\u00f1amos cada proyecto con una comunicaci\u00f3n que conecta, que emociona y que refuerza el impacto positivo de nuestras acciones.<\/p>\n<p><\/p>\n<p data-start=\"1168\" data-end=\"1244\">Porque en Onirik Studio no solo creamos contenidos: <strong data-start=\"1220\" data-end=\"1244\">creamos significado.<\/strong><\/p>\t\t\t\t\t\t\t\t<\/div>\n\t\t\t\t<div class=\"elementor-element elementor-element-643578f elementor-widget elementor-widget-image\" data-id=\"643578f\" data-element_type=\"widget\" data-e-type=\"widget\" data-widget_type=\"image.default\">\n\t\t\t\t\t\t\t\t\t\t\t\t\t\t\t<img fetchpriority=\"high\" decoding=\"async\" width=\"1024\" height=\"683\" src=\"https:\/\/onirikstudio.com\/wp-content\/uploads\/2025\/08\/comunicacion-1024x683.jpg\" class=\"attachment-large size-large wp-image-506\" alt=\"\" srcset=\"https:\/\/onirikstudio.com\/wp-content\/uploads\/2025\/08\/comunicacion-1024x683.jpg 1024w, https:\/\/onirikstudio.com\/wp-content\/uploads\/2025\/08\/comunicacion-300x200.jpg 300w, https:\/\/onirikstudio.com\/wp-content\/uploads\/2025\/08\/comunicacion-768x512.jpg 768w, https:\/\/onirikstudio.com\/wp-content\/uploads\/2025\/08\/comunicacion-1536x1024.jpg 1536w, https:\/\/onirikstudio.com\/wp-content\/uploads\/2025\/08\/comunicacion-2048x1365.jpg 2048w\" sizes=\"(max-width: 1024px) 100vw, 1024px\" \/>\t\t\t\t\t\t\t\t\t\t\t\t\t\t\t<\/div>\n\t\t\t\t<\/div>\n\t\t<div class=\"elementor-element elementor-element-39695a6 e-flex e-con-boxed e-con e-parent\" data-id=\"39695a6\" data-element_type=\"container\" data-e-type=\"container\">\n\t\t\t\t\t<div class=\"e-con-inner\">\n\t\t\t\t<div class=\"elementor-element elementor-element-80b9517 elementor-widget elementor-widget-wp-widget-forminator_widget\" data-id=\"80b9517\" data-element_type=\"widget\" data-e-type=\"widget\" data-widget_type=\"wp-widget-forminator_widget.default\">\n\t\t\t\t<div class=\"elementor-widget-container\">\n\t\t\t\t\t<div class=\"forminator-ui forminator-custom-form forminator-custom-form-501 forminator-design--default  forminator_ajax\" data-forminator-render=\"0\" data-form=\"forminator-module-501\" data-uid=\"69e22cfdf09cc\"><br\/><\/div><form\n\t\t\t\tid=\"forminator-module-501\"\n\t\t\t\tclass=\"forminator-ui forminator-custom-form forminator-custom-form-501 forminator-design--default  forminator_ajax\"\n\t\t\t\tmethod=\"post\"\n\t\t\t\tdata-forminator-render=\"0\"\n\t\t\t\tdata-form-id=\"501\"\n\t\t\t\t data-color-option=\"theme\" data-design=\"default\" data-grid=\"open\" style=\"display: none;\"\n\t\t\t\tdata-uid=\"69e22cfdf09cc\"\n\t\t\t><div role=\"alert\" aria-live=\"polite\" class=\"forminator-response-message forminator-error\" aria-hidden=\"true\"><\/div><div class=\"forminator-row\"><div id=\"text-1\" class=\"forminator-field-text forminator-col forminator-col-12 \"><div class=\"forminator-field\"><label for=\"forminator-field-text-1_69e22cfdf09cc\" id=\"forminator-field-text-1_69e22cfdf09cc-label\" class=\"forminator-label\">ASUNTO: <span class=\"forminator-required\">*<\/span><\/label><input type=\"text\" name=\"text-1\" value=\"\" placeholder=\"\" id=\"forminator-field-text-1_69e22cfdf09cc\" class=\"forminator-input forminator-name--field\" data-required=\"1\" \/><\/div><\/div><\/div><div class=\"forminator-row\"><div id=\"text-2\" class=\"forminator-field-text forminator-col forminator-col-6 \"><div class=\"forminator-field\"><label for=\"forminator-field-text-2_69e22cfdf09cc\" id=\"forminator-field-text-2_69e22cfdf09cc-label\" class=\"forminator-label\">MEDIO COMUNICACI\u00d3N: <span class=\"forminator-required\">*<\/span><\/label><input type=\"text\" name=\"text-2\" value=\"\" placeholder=\"\" id=\"forminator-field-text-2_69e22cfdf09cc\" class=\"forminator-input forminator-name--field\" data-required=\"1\" \/><\/div><\/div><div id=\"name-1\" class=\"forminator-field-name forminator-col forminator-col-6 \"><div class=\"forminator-field\"><label for=\"forminator-field-name-1_69e22cfdf09cc\" id=\"forminator-field-name-1_69e22cfdf09cc-label\" class=\"forminator-label\">NOMBRE Y APELLIDOS: <span class=\"forminator-required\">*<\/span><\/label><input type=\"text\" name=\"name-1\" value=\"\" placeholder=\"\" id=\"forminator-field-name-1_69e22cfdf09cc\" class=\"forminator-input forminator-name--field\" aria-required=\"true\" autocomplete=\"name\" \/><\/div><\/div><\/div><div class=\"forminator-row\"><div id=\"phone-1\" class=\"forminator-field-phone forminator-col forminator-col-6 \"><div class=\"forminator-field\"><label for=\"forminator-field-phone-1_69e22cfdf09cc\" id=\"forminator-field-phone-1_69e22cfdf09cc-label\" class=\"forminator-label\">TEL\u00c9FONO CONTACTO: <span class=\"forminator-required\">*<\/span><\/label><input type=\"text\" name=\"phone-1\" value=\"\" placeholder=\"\" id=\"forminator-field-phone-1_69e22cfdf09cc\" class=\"forminator-input forminator-field--phone\" data-required=\"1\" aria-required=\"true\" autocomplete=\"off\" \/><\/div><\/div><div id=\"email-1\" class=\"forminator-field-email forminator-col forminator-col-6 \"><div class=\"forminator-field\"><label for=\"forminator-field-email-1_69e22cfdf09cc\" id=\"forminator-field-email-1_69e22cfdf09cc-label\" class=\"forminator-label\">EMAIL: <span class=\"forminator-required\">*<\/span><\/label><input type=\"email\" name=\"email-1\" value=\"\" placeholder=\"\" id=\"forminator-field-email-1_69e22cfdf09cc\" class=\"forminator-input forminator-email--field\" data-required=\"1\" aria-required=\"true\" autocomplete=\"email\" \/><\/div><\/div><\/div><div class=\"forminator-row\"><div id=\"textarea-1\" class=\"forminator-field-textarea forminator-col forminator-col-12 \"><div class=\"forminator-field\"><label for=\"forminator-field-textarea-1_69e22cfdf09cc\" id=\"forminator-field-textarea-1_69e22cfdf09cc-label\" class=\"forminator-label\">OBSERVACIONES:<\/label><textarea name=\"textarea-1\" placeholder=\"\" id=\"forminator-field-textarea-1_69e22cfdf09cc\" class=\"forminator-textarea\" rows=\"6\" style=\"min-height:140px;\" ><\/textarea><\/div><\/div><\/div><input type=\"hidden\" name=\"referer_url\" value=\"\" \/><div class=\"forminator-row forminator-row-last\"><div class=\"forminator-col\"><div class=\"forminator-field\"><button class=\"forminator-button forminator-button-submit\">Enviar<\/button><\/div><\/div><\/div><input type=\"hidden\" id=\"forminator_nonce\" name=\"forminator_nonce\" value=\"ab281c4406\" \/><input type=\"hidden\" name=\"_wp_http_referer\" value=\"\/index.php?rest_route=%2Fwp%2Fv2%2Fpages%2F108\" \/><input type=\"hidden\" name=\"form_id\" value=\"501\"><input type=\"hidden\" name=\"page_id\" value=\"108\"><input type=\"hidden\" name=\"form_type\" value=\"default\"><input type=\"hidden\" name=\"current_url\" value=\"https:\/\/onirikstudio.com\/?page_id=108\"><input type=\"hidden\" name=\"render_id\" value=\"0\"><input type=\"hidden\" name=\"action\" value=\"forminator_submit_form_custom-forms\"><\/form>\t\t\t\t<\/div>\n\t\t\t\t<\/div>\n\t\t\t\t\t<\/div>\n\t\t\t\t<\/div>\n\t\t\t\t<\/div>\n\t\t","protected":false},"excerpt":{"rendered":"<p>En Onirik Studio entendemos la comunicaci\u00f3n como un puente entre lo que hacemos y c\u00f3mo lo perciben los dem\u00e1s. Nuestro departamento de Comunicaci\u00f3n Corporativa no se limita a informar: construye relato, protege la reputaci\u00f3n y fortalece el v\u00ednculo con nuestros p\u00fablicos internos y externos. Desde notas de prensa hasta estrategias multicanal, desde la gesti\u00f3n de [&hellip;]<\/p>\n","protected":false},"author":1,"featured_media":0,"parent":0,"menu_order":0,"comment_status":"closed","ping_status":"closed","template":"page-templates\/full-width-page.php","meta":{"footnotes":""},"class_list":["post-108","page","type-page","status-publish","hentry"],"yoast_head":"<!-- This site is optimized with the Yoast SEO plugin v27.4 - https:\/\/yoast.com\/product\/yoast-seo-wordpress\/ -->\n<title>DEPARTAMENTO DE PRENSA - OnirikStudio<\/title>\n<meta name=\"robots\" content=\"index, follow, max-snippet:-1, max-image-preview:large, max-video-preview:-1\" \/>\n<link rel=\"canonical\" href=\"https:\/\/onirikstudio.com\/?page_id=108\" \/>\n<meta property=\"og:locale\" content=\"es_ES\" \/>\n<meta property=\"og:type\" content=\"article\" \/>\n<meta property=\"og:title\" content=\"DEPARTAMENTO DE PRENSA - OnirikStudio\" \/>\n<meta property=\"og:description\" content=\"En Onirik Studio entendemos la comunicaci\u00f3n como un puente entre lo que hacemos y c\u00f3mo lo perciben los dem\u00e1s. Nuestro departamento de Comunicaci\u00f3n Corporativa no se limita a informar: construye relato, protege la reputaci\u00f3n y fortalece el v\u00ednculo con nuestros p\u00fablicos internos y externos. Desde notas de prensa hasta estrategias multicanal, desde la gesti\u00f3n de [&hellip;]\" \/>\n<meta property=\"og:url\" content=\"https:\/\/onirikstudio.com\/?page_id=108\" \/>\n<meta property=\"og:site_name\" content=\"OnirikStudio\" \/>\n<meta property=\"article:modified_time\" content=\"2025-08-05T11:16:17+00:00\" \/>\n<meta property=\"og:image\" content=\"https:\/\/onirikstudio.com\/wp-content\/uploads\/2025\/08\/comunicacion-1024x683.jpg\" \/>\n<meta name=\"twitter:card\" content=\"summary_large_image\" \/>\n<meta name=\"twitter:label1\" content=\"Tiempo de lectura\" \/>\n\t<meta name=\"twitter:data1\" content=\"1 minuto\" \/>\n<script type=\"application\/ld+json\" class=\"yoast-schema-graph\">{\"@context\":\"https:\\\/\\\/schema.org\",\"@graph\":[{\"@type\":\"WebPage\",\"@id\":\"https:\\\/\\\/onirikstudio.com\\\/?page_id=108\",\"url\":\"https:\\\/\\\/onirikstudio.com\\\/?page_id=108\",\"name\":\"DEPARTAMENTO DE PRENSA - OnirikStudio\",\"isPartOf\":{\"@id\":\"https:\\\/\\\/onirikstudio.com\\\/#website\"},\"primaryImageOfPage\":{\"@id\":\"https:\\\/\\\/onirikstudio.com\\\/?page_id=108#primaryimage\"},\"image\":{\"@id\":\"https:\\\/\\\/onirikstudio.com\\\/?page_id=108#primaryimage\"},\"thumbnailUrl\":\"https:\\\/\\\/onirikstudio.com\\\/wp-content\\\/uploads\\\/2025\\\/08\\\/comunicacion-1024x683.jpg\",\"datePublished\":\"2025-08-03T20:26:58+00:00\",\"dateModified\":\"2025-08-05T11:16:17+00:00\",\"breadcrumb\":{\"@id\":\"https:\\\/\\\/onirikstudio.com\\\/?page_id=108#breadcrumb\"},\"inLanguage\":\"es\",\"potentialAction\":[{\"@type\":\"ReadAction\",\"target\":[\"https:\\\/\\\/onirikstudio.com\\\/?page_id=108\"]}]},{\"@type\":\"ImageObject\",\"inLanguage\":\"es\",\"@id\":\"https:\\\/\\\/onirikstudio.com\\\/?page_id=108#primaryimage\",\"url\":\"https:\\\/\\\/onirikstudio.com\\\/wp-content\\\/uploads\\\/2025\\\/08\\\/comunicacion-scaled.jpg\",\"contentUrl\":\"https:\\\/\\\/onirikstudio.com\\\/wp-content\\\/uploads\\\/2025\\\/08\\\/comunicacion-scaled.jpg\",\"width\":2560,\"height\":1707},{\"@type\":\"BreadcrumbList\",\"@id\":\"https:\\\/\\\/onirikstudio.com\\\/?page_id=108#breadcrumb\",\"itemListElement\":[{\"@type\":\"ListItem\",\"position\":1,\"name\":\"Portada\",\"item\":\"https:\\\/\\\/onirikstudio.com\\\/\"},{\"@type\":\"ListItem\",\"position\":2,\"name\":\"DEPARTAMENTO DE PRENSA\"}]},{\"@type\":\"WebSite\",\"@id\":\"https:\\\/\\\/onirikstudio.com\\\/#website\",\"url\":\"https:\\\/\\\/onirikstudio.com\\\/\",\"name\":\"OnirikStudio\",\"description\":\"\",\"publisher\":{\"@id\":\"https:\\\/\\\/onirikstudio.com\\\/#organization\"},\"potentialAction\":[{\"@type\":\"SearchAction\",\"target\":{\"@type\":\"EntryPoint\",\"urlTemplate\":\"https:\\\/\\\/onirikstudio.com\\\/?s={search_term_string}\"},\"query-input\":{\"@type\":\"PropertyValueSpecification\",\"valueRequired\":true,\"valueName\":\"search_term_string\"}}],\"inLanguage\":\"es\"},{\"@type\":\"Organization\",\"@id\":\"https:\\\/\\\/onirikstudio.com\\\/#organization\",\"name\":\"OnirikStudio\",\"url\":\"https:\\\/\\\/onirikstudio.com\\\/\",\"logo\":{\"@type\":\"ImageObject\",\"inLanguage\":\"es\",\"@id\":\"https:\\\/\\\/onirikstudio.com\\\/#\\\/schema\\\/logo\\\/image\\\/\",\"url\":\"https:\\\/\\\/onirikstudio.com\\\/wp-content\\\/uploads\\\/2025\\\/08\\\/LOGOTIPO-ONIRIK-STUDIO-BLANCO.png\",\"contentUrl\":\"https:\\\/\\\/onirikstudio.com\\\/wp-content\\\/uploads\\\/2025\\\/08\\\/LOGOTIPO-ONIRIK-STUDIO-BLANCO.png\",\"width\":1191,\"height\":420,\"caption\":\"OnirikStudio\"},\"image\":{\"@id\":\"https:\\\/\\\/onirikstudio.com\\\/#\\\/schema\\\/logo\\\/image\\\/\"}}]}<\/script>\n<!-- \/ Yoast SEO plugin. -->","yoast_head_json":{"title":"DEPARTAMENTO DE PRENSA - OnirikStudio","robots":{"index":"index","follow":"follow","max-snippet":"max-snippet:-1","max-image-preview":"max-image-preview:large","max-video-preview":"max-video-preview:-1"},"canonical":"https:\/\/onirikstudio.com\/?page_id=108","og_locale":"es_ES","og_type":"article","og_title":"DEPARTAMENTO DE PRENSA - OnirikStudio","og_description":"En Onirik Studio entendemos la comunicaci\u00f3n como un puente entre lo que hacemos y c\u00f3mo lo perciben los dem\u00e1s. Nuestro departamento de Comunicaci\u00f3n Corporativa no se limita a informar: construye relato, protege la reputaci\u00f3n y fortalece el v\u00ednculo con nuestros p\u00fablicos internos y externos. Desde notas de prensa hasta estrategias multicanal, desde la gesti\u00f3n de [&hellip;]","og_url":"https:\/\/onirikstudio.com\/?page_id=108","og_site_name":"OnirikStudio","article_modified_time":"2025-08-05T11:16:17+00:00","og_image":[{"url":"https:\/\/onirikstudio.com\/wp-content\/uploads\/2025\/08\/comunicacion-1024x683.jpg","type":"","width":"","height":""}],"twitter_card":"summary_large_image","twitter_misc":{"Tiempo de lectura":"1 minuto"},"schema":{"@context":"https:\/\/schema.org","@graph":[{"@type":"WebPage","@id":"https:\/\/onirikstudio.com\/?page_id=108","url":"https:\/\/onirikstudio.com\/?page_id=108","name":"DEPARTAMENTO DE PRENSA - OnirikStudio","isPartOf":{"@id":"https:\/\/onirikstudio.com\/#website"},"primaryImageOfPage":{"@id":"https:\/\/onirikstudio.com\/?page_id=108#primaryimage"},"image":{"@id":"https:\/\/onirikstudio.com\/?page_id=108#primaryimage"},"thumbnailUrl":"https:\/\/onirikstudio.com\/wp-content\/uploads\/2025\/08\/comunicacion-1024x683.jpg","datePublished":"2025-08-03T20:26:58+00:00","dateModified":"2025-08-05T11:16:17+00:00","breadcrumb":{"@id":"https:\/\/onirikstudio.com\/?page_id=108#breadcrumb"},"inLanguage":"es","potentialAction":[{"@type":"ReadAction","target":["https:\/\/onirikstudio.com\/?page_id=108"]}]},{"@type":"ImageObject","inLanguage":"es","@id":"https:\/\/onirikstudio.com\/?page_id=108#primaryimage","url":"https:\/\/onirikstudio.com\/wp-content\/uploads\/2025\/08\/comunicacion-scaled.jpg","contentUrl":"https:\/\/onirikstudio.com\/wp-content\/uploads\/2025\/08\/comunicacion-scaled.jpg","width":2560,"height":1707},{"@type":"BreadcrumbList","@id":"https:\/\/onirikstudio.com\/?page_id=108#breadcrumb","itemListElement":[{"@type":"ListItem","position":1,"name":"Portada","item":"https:\/\/onirikstudio.com\/"},{"@type":"ListItem","position":2,"name":"DEPARTAMENTO DE PRENSA"}]},{"@type":"WebSite","@id":"https:\/\/onirikstudio.com\/#website","url":"https:\/\/onirikstudio.com\/","name":"OnirikStudio","description":"","publisher":{"@id":"https:\/\/onirikstudio.com\/#organization"},"potentialAction":[{"@type":"SearchAction","target":{"@type":"EntryPoint","urlTemplate":"https:\/\/onirikstudio.com\/?s={search_term_string}"},"query-input":{"@type":"PropertyValueSpecification","valueRequired":true,"valueName":"search_term_string"}}],"inLanguage":"es"},{"@type":"Organization","@id":"https:\/\/onirikstudio.com\/#organization","name":"OnirikStudio","url":"https:\/\/onirikstudio.com\/","logo":{"@type":"ImageObject","inLanguage":"es","@id":"https:\/\/onirikstudio.com\/#\/schema\/logo\/image\/","url":"https:\/\/onirikstudio.com\/wp-content\/uploads\/2025\/08\/LOGOTIPO-ONIRIK-STUDIO-BLANCO.png","contentUrl":"https:\/\/onirikstudio.com\/wp-content\/uploads\/2025\/08\/LOGOTIPO-ONIRIK-STUDIO-BLANCO.png","width":1191,"height":420,"caption":"OnirikStudio"},"image":{"@id":"https:\/\/onirikstudio.com\/#\/schema\/logo\/image\/"}}]}},"_links":{"self":[{"href":"https:\/\/onirikstudio.com\/index.php?rest_route=\/wp\/v2\/pages\/108","targetHints":{"allow":["GET"]}}],"collection":[{"href":"https:\/\/onirikstudio.com\/index.php?rest_route=\/wp\/v2\/pages"}],"about":[{"href":"https:\/\/onirikstudio.com\/index.php?rest_route=\/wp\/v2\/types\/page"}],"author":[{"embeddable":true,"href":"https:\/\/onirikstudio.com\/index.php?rest_route=\/wp\/v2\/users\/1"}],"replies":[{"embeddable":true,"href":"https:\/\/onirikstudio.com\/index.php?rest_route=%2Fwp%2Fv2%2Fcomments&post=108"}],"version-history":[{"count":11,"href":"https:\/\/onirikstudio.com\/index.php?rest_route=\/wp\/v2\/pages\/108\/revisions"}],"predecessor-version":[{"id":519,"href":"https:\/\/onirikstudio.com\/index.php?rest_route=\/wp\/v2\/pages\/108\/revisions\/519"}],"wp:attachment":[{"href":"https:\/\/onirikstudio.com\/index.php?rest_route=%2Fwp%2Fv2%2Fmedia&parent=108"}],"curies":[{"name":"wp","href":"https:\/\/api.w.org\/{rel}","templated":true}]}}