{"id":95,"date":"2025-08-03T20:26:57","date_gmt":"2025-08-03T20:26:57","guid":{"rendered":"https:\/\/onirikstudio.com\/?page_id=95"},"modified":"2025-08-05T07:43:38","modified_gmt":"2025-08-05T07:43:38","slug":"historia","status":"publish","type":"page","link":"https:\/\/onirikstudio.com\/?page_id=95","title":{"rendered":"HISTORIA"},"content":{"rendered":"<div data-colibri-id=\"95-c1\" class=\"style-260 style-local-95-c1 position-relative\">\n  <!---->\n  <div data-colibri-component=\"section\" data-colibri-id=\"95-c2\" id=\"about\" class=\"h-section h-section-global-spacing d-flex align-items-lg-center align-items-md-center align-items-center style-261 style-local-95-c2 position-relative\">\n    <!---->\n    <!---->\n    <div class=\"h-section-grid-container h-section-boxed-container\">\n      <!---->\n      <div data-colibri-id=\"95-c3\" class=\"h-row-container gutters-row-lg-0 gutters-row-md-0 gutters-row-0 gutters-row-v-lg-0 gutters-row-v-md-0 gutters-row-v-0 style-262 style-local-95-c3 position-relative\">\n        <!---->\n        <div class=\"h-row justify-content-lg-center justify-content-md-center justify-content-center align-items-lg-stretch align-items-md-stretch align-items-stretch gutters-col-lg-0 gutters-col-md-0 gutters-col-0 gutters-col-v-lg-0 gutters-col-v-md-0 gutters-col-v-0\">\n          <!---->\n          <div class=\"h-column h-column-container d-flex h-col-lg-auto h-col-md-auto h-col-auto style-263-outer style-local-95-c4-outer\">\n            <div data-colibri-id=\"95-c4\" class=\"d-flex h-flex-basis h-column__inner h-px-lg-0 h-px-md-0 h-px-0 v-inner-lg-0 v-inner-md-0 v-inner-0 style-263 style-local-95-c4 position-relative\">\n              <!---->\n              <!---->\n              <div class=\"w-100 h-y-container h-column__content h-column__v-align flex-basis-100 align-self-lg-start align-self-md-start align-self-start\">\n                <!---->\n                <div data-colibri-id=\"95-c5\" class=\"h-global-transition-all h-heading style-264 style-local-95-c5 position-relative h-element\">\n                  <!---->\n                  <div class=\"h-heading__outer style-264 style-local-95-c5\">\n                    <!---->\n                    <!---->\n                    <h5 class=\"\">Onirik no es solo lo que se ve, es lo que se imagina&#8230;<\/h5>\n                  <\/div>\n                <\/div>\n                <div data-colibri-id=\"95-c6\" class=\"h-global-transition-all h-heading style-265 style-local-95-c6 position-relative h-element\">\n                  <!---->\n                  <div class=\"h-heading__outer style-265 style-local-95-c6\">\n                    <!---->\n                    <!---->\n                    <h2 class=\"\">Historia de&nbsp;<em style=\"font-family: &quot;Playfair Display&quot;;\">OnirikStudio<\/em><\/h2>\n                  <\/div>\n                <\/div>\n                <div data-colibri-id=\"95-c7\" class=\"h-text h-text-component style-266 style-local-95-c7 position-relative h-element\">\n                  <!---->\n                  <!---->\n                  <div class=\"\">\n                    <p><strong>Tecnolog\u00eda, creatividad y visi\u00f3n comercial: nace Onirik Studio<\/strong><\/p>\n                    <p>Onirik Studio nace de la fusi\u00f3n de dos mundos complementarios: <strong>CH2 Proyectos<\/strong>, una empresa tecnol\u00f3gica con gran recorrido en el desarrollo de plataformas audiovisuales y soluciones digitales, y <strong>AKAI<\/strong>,\n                      una firma con alma comercial, especializada en la creaci\u00f3n de eventos, gesti\u00f3n de medios y expansi\u00f3n de marcas.<\/p>\n                    <p>Ambas compa\u00f1\u00edas, tras a\u00f1os de colaboraci\u00f3n y sinton\u00eda en proyectos estrat\u00e9gicos, decidieron unir su talento, visi\u00f3n y experiencia para crear una nueva marca con proyecci\u00f3n <strong>nacional e internacional<\/strong>, con especial enfoque\n                      en <strong>Espa\u00f1a y Latinoam\u00e9rica<\/strong>.<\/p>\n                    <p>Onirik Studio representa la evoluci\u00f3n natural de dos caminos que se cruzan con un objetivo com\u00fan: <strong>producir contenido con alma, organizar eventos que dejen huella y gestionar medios digitales que conecten con el p\u00fablico real<\/strong>.<\/p>\n                    <p>Desde el primer d\u00eda, hemos apostado por la innovaci\u00f3n, la calidad visual, la narrativa emocional y la estrategia comercial para crear experiencias \u00fanicas en cada proyecto. Ya sea una producci\u00f3n audiovisual, un evento corporativo, una\n                      revista online o una campa\u00f1a para redes, nuestro enfoque es siempre integral, creativo y profesional.<\/p>\n                    <p>Hoy, Onirik Studio es mucho m\u00e1s que un estudio: es una factor\u00eda de ideas, una red de talento, y un puente entre culturas, audiencias y marcas a ambos lados del Atl\u00e1ntico.<\/p>\n                  <\/div>\n                <\/div>\n              <\/div>\n            <\/div>\n          <\/div>\n          <div class=\"h-column h-column-container d-flex h-col-lg-auto h-col-md-auto h-col-auto style-267-outer style-local-95-c8-outer\">\n            <div data-colibri-id=\"95-c8\" class=\"d-flex h-flex-basis h-column__inner h-ui-empty-state-container h-px-lg-2 h-px-md-2 h-px-2 v-inner-lg-2 v-inner-md-2 v-inner-2 style-267 style-local-95-c8 position-relative\">\n              <!---->\n              <!---->\n              <div class=\"w-100 h-y-container h-column__content h-column__v-align flex-basis-100\">\n                <!---->\n              <\/div>\n            <\/div>\n          <\/div>\n        <\/div>\n      <\/div>\n    <\/div>\n  <\/div>\n<\/div>","protected":false},"excerpt":{"rendered":"<p>Onirik no es solo lo que se ve, es lo que se imagina&#8230; Historia de&nbsp;OnirikStudio Tecnolog\u00eda, creatividad y visi\u00f3n comercial: nace Onirik Studio Onirik Studio nace de la fusi\u00f3n de dos mundos complementarios: CH2 Proyectos, una empresa tecnol\u00f3gica con gran recorrido en el desarrollo de plataformas audiovisuales y soluciones digitales, y AKAI, una firma con [&hellip;]<\/p>\n","protected":false},"author":1,"featured_media":0,"parent":0,"menu_order":0,"comment_status":"closed","ping_status":"closed","template":"page-templates\/full-width-page.php","meta":{"footnotes":""},"class_list":["post-95","page","type-page","status-publish","hentry"],"yoast_head":"<!-- This site is optimized with the Yoast SEO plugin v27.4 - https:\/\/yoast.com\/product\/yoast-seo-wordpress\/ -->\n<title>HISTORIA - OnirikStudio<\/title>\n<meta name=\"robots\" content=\"index, follow, max-snippet:-1, max-image-preview:large, max-video-preview:-1\" \/>\n<link rel=\"canonical\" href=\"https:\/\/onirikstudio.com\/?page_id=95\" \/>\n<meta property=\"og:locale\" content=\"es_ES\" \/>\n<meta property=\"og:type\" content=\"article\" \/>\n<meta property=\"og:title\" content=\"HISTORIA - OnirikStudio\" \/>\n<meta property=\"og:description\" content=\"Onirik no es solo lo que se ve, es lo que se imagina&#8230; Historia de&nbsp;OnirikStudio Tecnolog\u00eda, creatividad y visi\u00f3n comercial: nace Onirik Studio Onirik Studio nace de la fusi\u00f3n de dos mundos complementarios: CH2 Proyectos, una empresa tecnol\u00f3gica con gran recorrido en el desarrollo de plataformas audiovisuales y soluciones digitales, y AKAI, una firma con [&hellip;]\" \/>\n<meta property=\"og:url\" content=\"https:\/\/onirikstudio.com\/?page_id=95\" \/>\n<meta property=\"og:site_name\" content=\"OnirikStudio\" \/>\n<meta property=\"article:modified_time\" content=\"2025-08-05T07:43:38+00:00\" \/>\n<meta name=\"twitter:card\" content=\"summary_large_image\" \/>\n<meta name=\"twitter:label1\" content=\"Tiempo de lectura\" \/>\n\t<meta name=\"twitter:data1\" content=\"1 minuto\" \/>\n<script type=\"application\/ld+json\" class=\"yoast-schema-graph\">{\"@context\":\"https:\\\/\\\/schema.org\",\"@graph\":[{\"@type\":\"WebPage\",\"@id\":\"https:\\\/\\\/onirikstudio.com\\\/?page_id=95\",\"url\":\"https:\\\/\\\/onirikstudio.com\\\/?page_id=95\",\"name\":\"HISTORIA - OnirikStudio\",\"isPartOf\":{\"@id\":\"https:\\\/\\\/onirikstudio.com\\\/#website\"},\"datePublished\":\"2025-08-03T20:26:57+00:00\",\"dateModified\":\"2025-08-05T07:43:38+00:00\",\"breadcrumb\":{\"@id\":\"https:\\\/\\\/onirikstudio.com\\\/?page_id=95#breadcrumb\"},\"inLanguage\":\"es\",\"potentialAction\":[{\"@type\":\"ReadAction\",\"target\":[\"https:\\\/\\\/onirikstudio.com\\\/?page_id=95\"]}]},{\"@type\":\"BreadcrumbList\",\"@id\":\"https:\\\/\\\/onirikstudio.com\\\/?page_id=95#breadcrumb\",\"itemListElement\":[{\"@type\":\"ListItem\",\"position\":1,\"name\":\"Portada\",\"item\":\"https:\\\/\\\/onirikstudio.com\\\/\"},{\"@type\":\"ListItem\",\"position\":2,\"name\":\"HISTORIA\"}]},{\"@type\":\"WebSite\",\"@id\":\"https:\\\/\\\/onirikstudio.com\\\/#website\",\"url\":\"https:\\\/\\\/onirikstudio.com\\\/\",\"name\":\"OnirikStudio\",\"description\":\"\",\"publisher\":{\"@id\":\"https:\\\/\\\/onirikstudio.com\\\/#organization\"},\"potentialAction\":[{\"@type\":\"SearchAction\",\"target\":{\"@type\":\"EntryPoint\",\"urlTemplate\":\"https:\\\/\\\/onirikstudio.com\\\/?s={search_term_string}\"},\"query-input\":{\"@type\":\"PropertyValueSpecification\",\"valueRequired\":true,\"valueName\":\"search_term_string\"}}],\"inLanguage\":\"es\"},{\"@type\":\"Organization\",\"@id\":\"https:\\\/\\\/onirikstudio.com\\\/#organization\",\"name\":\"OnirikStudio\",\"url\":\"https:\\\/\\\/onirikstudio.com\\\/\",\"logo\":{\"@type\":\"ImageObject\",\"inLanguage\":\"es\",\"@id\":\"https:\\\/\\\/onirikstudio.com\\\/#\\\/schema\\\/logo\\\/image\\\/\",\"url\":\"https:\\\/\\\/onirikstudio.com\\\/wp-content\\\/uploads\\\/2025\\\/08\\\/LOGOTIPO-ONIRIK-STUDIO-BLANCO.png\",\"contentUrl\":\"https:\\\/\\\/onirikstudio.com\\\/wp-content\\\/uploads\\\/2025\\\/08\\\/LOGOTIPO-ONIRIK-STUDIO-BLANCO.png\",\"width\":1191,\"height\":420,\"caption\":\"OnirikStudio\"},\"image\":{\"@id\":\"https:\\\/\\\/onirikstudio.com\\\/#\\\/schema\\\/logo\\\/image\\\/\"}}]}<\/script>\n<!-- \/ Yoast SEO plugin. -->","yoast_head_json":{"title":"HISTORIA - OnirikStudio","robots":{"index":"index","follow":"follow","max-snippet":"max-snippet:-1","max-image-preview":"max-image-preview:large","max-video-preview":"max-video-preview:-1"},"canonical":"https:\/\/onirikstudio.com\/?page_id=95","og_locale":"es_ES","og_type":"article","og_title":"HISTORIA - OnirikStudio","og_description":"Onirik no es solo lo que se ve, es lo que se imagina&#8230; Historia de&nbsp;OnirikStudio Tecnolog\u00eda, creatividad y visi\u00f3n comercial: nace Onirik Studio Onirik Studio nace de la fusi\u00f3n de dos mundos complementarios: CH2 Proyectos, una empresa tecnol\u00f3gica con gran recorrido en el desarrollo de plataformas audiovisuales y soluciones digitales, y AKAI, una firma con [&hellip;]","og_url":"https:\/\/onirikstudio.com\/?page_id=95","og_site_name":"OnirikStudio","article_modified_time":"2025-08-05T07:43:38+00:00","twitter_card":"summary_large_image","twitter_misc":{"Tiempo de lectura":"1 minuto"},"schema":{"@context":"https:\/\/schema.org","@graph":[{"@type":"WebPage","@id":"https:\/\/onirikstudio.com\/?page_id=95","url":"https:\/\/onirikstudio.com\/?page_id=95","name":"HISTORIA - OnirikStudio","isPartOf":{"@id":"https:\/\/onirikstudio.com\/#website"},"datePublished":"2025-08-03T20:26:57+00:00","dateModified":"2025-08-05T07:43:38+00:00","breadcrumb":{"@id":"https:\/\/onirikstudio.com\/?page_id=95#breadcrumb"},"inLanguage":"es","potentialAction":[{"@type":"ReadAction","target":["https:\/\/onirikstudio.com\/?page_id=95"]}]},{"@type":"BreadcrumbList","@id":"https:\/\/onirikstudio.com\/?page_id=95#breadcrumb","itemListElement":[{"@type":"ListItem","position":1,"name":"Portada","item":"https:\/\/onirikstudio.com\/"},{"@type":"ListItem","position":2,"name":"HISTORIA"}]},{"@type":"WebSite","@id":"https:\/\/onirikstudio.com\/#website","url":"https:\/\/onirikstudio.com\/","name":"OnirikStudio","description":"","publisher":{"@id":"https:\/\/onirikstudio.com\/#organization"},"potentialAction":[{"@type":"SearchAction","target":{"@type":"EntryPoint","urlTemplate":"https:\/\/onirikstudio.com\/?s={search_term_string}"},"query-input":{"@type":"PropertyValueSpecification","valueRequired":true,"valueName":"search_term_string"}}],"inLanguage":"es"},{"@type":"Organization","@id":"https:\/\/onirikstudio.com\/#organization","name":"OnirikStudio","url":"https:\/\/onirikstudio.com\/","logo":{"@type":"ImageObject","inLanguage":"es","@id":"https:\/\/onirikstudio.com\/#\/schema\/logo\/image\/","url":"https:\/\/onirikstudio.com\/wp-content\/uploads\/2025\/08\/LOGOTIPO-ONIRIK-STUDIO-BLANCO.png","contentUrl":"https:\/\/onirikstudio.com\/wp-content\/uploads\/2025\/08\/LOGOTIPO-ONIRIK-STUDIO-BLANCO.png","width":1191,"height":420,"caption":"OnirikStudio"},"image":{"@id":"https:\/\/onirikstudio.com\/#\/schema\/logo\/image\/"}}]}},"_links":{"self":[{"href":"https:\/\/onirikstudio.com\/index.php?rest_route=\/wp\/v2\/pages\/95","targetHints":{"allow":["GET"]}}],"collection":[{"href":"https:\/\/onirikstudio.com\/index.php?rest_route=\/wp\/v2\/pages"}],"about":[{"href":"https:\/\/onirikstudio.com\/index.php?rest_route=\/wp\/v2\/types\/page"}],"author":[{"embeddable":true,"href":"https:\/\/onirikstudio.com\/index.php?rest_route=\/wp\/v2\/users\/1"}],"replies":[{"embeddable":true,"href":"https:\/\/onirikstudio.com\/index.php?rest_route=%2Fwp%2Fv2%2Fcomments&post=95"}],"version-history":[{"count":3,"href":"https:\/\/onirikstudio.com\/index.php?rest_route=\/wp\/v2\/pages\/95\/revisions"}],"predecessor-version":[{"id":421,"href":"https:\/\/onirikstudio.com\/index.php?rest_route=\/wp\/v2\/pages\/95\/revisions\/421"}],"wp:attachment":[{"href":"https:\/\/onirikstudio.com\/index.php?rest_route=%2Fwp%2Fv2%2Fmedia&parent=95"}],"curies":[{"name":"wp","href":"https:\/\/api.w.org\/{rel}","templated":true}]}}