{"id":96,"date":"2025-08-03T20:26:58","date_gmt":"2025-08-03T20:26:58","guid":{"rendered":"https:\/\/onirikstudio.com\/?page_id=96"},"modified":"2025-08-05T08:09:32","modified_gmt":"2025-08-05T08:09:32","slug":"mision-y-vision","status":"publish","type":"page","link":"https:\/\/onirikstudio.com\/?page_id=96","title":{"rendered":"MISI\u00d3N Y VISI\u00d3N"},"content":{"rendered":"<div data-colibri-id=\"96-c1\" class=\"style-268 style-local-96-c1 position-relative\">\n  <!---->\n  <div data-colibri-component=\"section\" data-colibri-id=\"96-c2\" id=\"about\" class=\"h-section h-section-global-spacing d-flex align-items-lg-center align-items-md-center align-items-center style-269 style-local-96-c2 position-relative\">\n    <!---->\n    <!---->\n    <div class=\"h-section-grid-container h-section-boxed-container\">\n      <!---->\n      <div data-colibri-id=\"96-c3\" class=\"h-row-container gutters-row-lg-0 gutters-row-md-0 gutters-row-0 gutters-row-v-lg-0 gutters-row-v-md-0 gutters-row-v-0 style-270 style-local-96-c3 position-relative\">\n        <!---->\n        <div class=\"h-row justify-content-lg-center justify-content-md-center justify-content-center align-items-lg-stretch align-items-md-stretch align-items-stretch gutters-col-lg-0 gutters-col-md-0 gutters-col-0 gutters-col-v-lg-0 gutters-col-v-md-0 gutters-col-v-0\">\n          <!---->\n          <div class=\"h-column h-column-container d-flex h-col-lg-auto h-col-md-auto h-col-auto style-271-outer style-local-96-c4-outer\">\n            <div data-colibri-id=\"96-c4\" class=\"d-flex h-flex-basis h-column__inner h-ui-empty-state-container h-px-lg-0 h-px-md-0 h-px-0 v-inner-lg-0 v-inner-md-0 v-inner-0 style-271 style-local-96-c4 position-relative\">\n              <!---->\n              <!---->\n              <div class=\"w-100 h-y-container h-column__content h-column__v-align flex-basis-100\">\n                <!---->\n              <\/div>\n            <\/div>\n          <\/div>\n          <div class=\"h-column h-column-container d-flex h-col-lg-auto h-col-md-auto h-col-auto style-272-outer style-local-96-c5-outer\">\n            <div data-colibri-id=\"96-c5\" class=\"d-flex h-flex-basis h-column__inner h-px-lg-2 h-px-md-2 h-px-2 v-inner-lg-2 v-inner-md-2 v-inner-2 style-272 style-local-96-c5 position-relative\">\n              <!---->\n              <!---->\n              <div class=\"w-100 h-y-container h-column__content h-column__v-align flex-basis-100 align-self-lg-start align-self-md-start align-self-start\">\n                <!---->\n                <div data-colibri-id=\"96-c6\" class=\"h-global-transition-all h-heading style-274 style-local-96-c6 position-relative h-element\">\n                  <!---->\n                  <div class=\"h-heading__outer style-274 style-local-96-c6\">\n                    <!---->\n                    <!---->\n                    <h2 class=\"\">Misi\u00f3n y Visi\u00f3n de <em style=\"font-family: &quot;Playfair Display&quot;;\">Onirik Studio<\/em><\/h2>\n                  <\/div>\n                <\/div>\n                <div data-colibri-id=\"96-c7\" class=\"h-text h-text-component style-275 style-local-96-c7 position-relative h-element\">\n                  <!---->\n                  <!---->\n                  <div class=\"\">\n                    <p>En <strong>Onirik Studio<\/strong>, nuestra misi\u00f3n es <strong>crear experiencias visuales y emocionales que conecten marcas, personas y audiencias<\/strong> a trav\u00e9s de contenidos audiovisuales de alta calidad, eventos \u00fanicos y medios\n                      digitales innovadores.<\/p>\n                    <p> Combinamos tecnolog\u00eda, creatividad y estrategia para producir soluciones integrales que impacten y perduren tanto en el mercado nacional como en el \u00e1mbito latinoamericano.<\/p>\n                    <p>Nuestra visi\u00f3n a futuro es intentar consolidarnos como <strong>referente creativo y estrat\u00e9gico en el mundo audiovisual y de eventos<\/strong> en habla hispana, liderando la transformaci\u00f3n de los medios digitales desde una perspectiva\n                      innovadora, sostenible y global.<\/p>\n                    <p> Queremos ser la <strong>puerta de entrada a nuevas formas de comunicar, emocionar e inspirar<\/strong>, integrando talento, tecnolog\u00eda y narrativa para construir marcas con identidad y futuro.<\/p>\n                  <\/div>\n                <\/div>\n              <\/div>\n            <\/div>\n          <\/div>\n        <\/div>\n      <\/div>\n    <\/div>\n  <\/div>\n<\/div>","protected":false},"excerpt":{"rendered":"<p>Misi\u00f3n y Visi\u00f3n de Onirik Studio En Onirik Studio, nuestra misi\u00f3n es crear experiencias visuales y emocionales que conecten marcas, personas y audiencias a trav\u00e9s de contenidos audiovisuales de alta calidad, eventos \u00fanicos y medios digitales innovadores. Combinamos tecnolog\u00eda, creatividad y estrategia para producir soluciones integrales que impacten y perduren tanto en el mercado nacional [&hellip;]<\/p>\n","protected":false},"author":1,"featured_media":0,"parent":0,"menu_order":0,"comment_status":"closed","ping_status":"closed","template":"page-templates\/full-width-page.php","meta":{"footnotes":""},"class_list":["post-96","page","type-page","status-publish","hentry"],"yoast_head":"<!-- This site is optimized with the Yoast SEO plugin v27.4 - https:\/\/yoast.com\/product\/yoast-seo-wordpress\/ -->\n<title>MISI\u00d3N Y VISI\u00d3N - OnirikStudio<\/title>\n<meta name=\"robots\" content=\"index, follow, max-snippet:-1, max-image-preview:large, max-video-preview:-1\" \/>\n<link rel=\"canonical\" href=\"https:\/\/onirikstudio.com\/?page_id=96\" \/>\n<meta property=\"og:locale\" content=\"es_ES\" \/>\n<meta property=\"og:type\" content=\"article\" \/>\n<meta property=\"og:title\" content=\"MISI\u00d3N Y VISI\u00d3N - OnirikStudio\" \/>\n<meta property=\"og:description\" content=\"Misi\u00f3n y Visi\u00f3n de Onirik Studio En Onirik Studio, nuestra misi\u00f3n es crear experiencias visuales y emocionales que conecten marcas, personas y audiencias a trav\u00e9s de contenidos audiovisuales de alta calidad, eventos \u00fanicos y medios digitales innovadores. Combinamos tecnolog\u00eda, creatividad y estrategia para producir soluciones integrales que impacten y perduren tanto en el mercado nacional [&hellip;]\" \/>\n<meta property=\"og:url\" content=\"https:\/\/onirikstudio.com\/?page_id=96\" \/>\n<meta property=\"og:site_name\" content=\"OnirikStudio\" \/>\n<meta property=\"article:modified_time\" content=\"2025-08-05T08:09:32+00:00\" \/>\n<meta name=\"twitter:card\" content=\"summary_large_image\" \/>\n<meta name=\"twitter:label1\" content=\"Tiempo de lectura\" \/>\n\t<meta name=\"twitter:data1\" content=\"1 minuto\" \/>\n<script type=\"application\/ld+json\" class=\"yoast-schema-graph\">{\"@context\":\"https:\\\/\\\/schema.org\",\"@graph\":[{\"@type\":\"WebPage\",\"@id\":\"https:\\\/\\\/onirikstudio.com\\\/?page_id=96\",\"url\":\"https:\\\/\\\/onirikstudio.com\\\/?page_id=96\",\"name\":\"MISI\u00d3N Y VISI\u00d3N - OnirikStudio\",\"isPartOf\":{\"@id\":\"https:\\\/\\\/onirikstudio.com\\\/#website\"},\"datePublished\":\"2025-08-03T20:26:58+00:00\",\"dateModified\":\"2025-08-05T08:09:32+00:00\",\"breadcrumb\":{\"@id\":\"https:\\\/\\\/onirikstudio.com\\\/?page_id=96#breadcrumb\"},\"inLanguage\":\"es\",\"potentialAction\":[{\"@type\":\"ReadAction\",\"target\":[\"https:\\\/\\\/onirikstudio.com\\\/?page_id=96\"]}]},{\"@type\":\"BreadcrumbList\",\"@id\":\"https:\\\/\\\/onirikstudio.com\\\/?page_id=96#breadcrumb\",\"itemListElement\":[{\"@type\":\"ListItem\",\"position\":1,\"name\":\"Portada\",\"item\":\"https:\\\/\\\/onirikstudio.com\\\/\"},{\"@type\":\"ListItem\",\"position\":2,\"name\":\"MISI\u00d3N Y VISI\u00d3N\"}]},{\"@type\":\"WebSite\",\"@id\":\"https:\\\/\\\/onirikstudio.com\\\/#website\",\"url\":\"https:\\\/\\\/onirikstudio.com\\\/\",\"name\":\"OnirikStudio\",\"description\":\"\",\"publisher\":{\"@id\":\"https:\\\/\\\/onirikstudio.com\\\/#organization\"},\"potentialAction\":[{\"@type\":\"SearchAction\",\"target\":{\"@type\":\"EntryPoint\",\"urlTemplate\":\"https:\\\/\\\/onirikstudio.com\\\/?s={search_term_string}\"},\"query-input\":{\"@type\":\"PropertyValueSpecification\",\"valueRequired\":true,\"valueName\":\"search_term_string\"}}],\"inLanguage\":\"es\"},{\"@type\":\"Organization\",\"@id\":\"https:\\\/\\\/onirikstudio.com\\\/#organization\",\"name\":\"OnirikStudio\",\"url\":\"https:\\\/\\\/onirikstudio.com\\\/\",\"logo\":{\"@type\":\"ImageObject\",\"inLanguage\":\"es\",\"@id\":\"https:\\\/\\\/onirikstudio.com\\\/#\\\/schema\\\/logo\\\/image\\\/\",\"url\":\"https:\\\/\\\/onirikstudio.com\\\/wp-content\\\/uploads\\\/2025\\\/08\\\/LOGOTIPO-ONIRIK-STUDIO-BLANCO.png\",\"contentUrl\":\"https:\\\/\\\/onirikstudio.com\\\/wp-content\\\/uploads\\\/2025\\\/08\\\/LOGOTIPO-ONIRIK-STUDIO-BLANCO.png\",\"width\":1191,\"height\":420,\"caption\":\"OnirikStudio\"},\"image\":{\"@id\":\"https:\\\/\\\/onirikstudio.com\\\/#\\\/schema\\\/logo\\\/image\\\/\"}}]}<\/script>\n<!-- \/ Yoast SEO plugin. -->","yoast_head_json":{"title":"MISI\u00d3N Y VISI\u00d3N - OnirikStudio","robots":{"index":"index","follow":"follow","max-snippet":"max-snippet:-1","max-image-preview":"max-image-preview:large","max-video-preview":"max-video-preview:-1"},"canonical":"https:\/\/onirikstudio.com\/?page_id=96","og_locale":"es_ES","og_type":"article","og_title":"MISI\u00d3N Y VISI\u00d3N - OnirikStudio","og_description":"Misi\u00f3n y Visi\u00f3n de Onirik Studio En Onirik Studio, nuestra misi\u00f3n es crear experiencias visuales y emocionales que conecten marcas, personas y audiencias a trav\u00e9s de contenidos audiovisuales de alta calidad, eventos \u00fanicos y medios digitales innovadores. Combinamos tecnolog\u00eda, creatividad y estrategia para producir soluciones integrales que impacten y perduren tanto en el mercado nacional [&hellip;]","og_url":"https:\/\/onirikstudio.com\/?page_id=96","og_site_name":"OnirikStudio","article_modified_time":"2025-08-05T08:09:32+00:00","twitter_card":"summary_large_image","twitter_misc":{"Tiempo de lectura":"1 minuto"},"schema":{"@context":"https:\/\/schema.org","@graph":[{"@type":"WebPage","@id":"https:\/\/onirikstudio.com\/?page_id=96","url":"https:\/\/onirikstudio.com\/?page_id=96","name":"MISI\u00d3N Y VISI\u00d3N - OnirikStudio","isPartOf":{"@id":"https:\/\/onirikstudio.com\/#website"},"datePublished":"2025-08-03T20:26:58+00:00","dateModified":"2025-08-05T08:09:32+00:00","breadcrumb":{"@id":"https:\/\/onirikstudio.com\/?page_id=96#breadcrumb"},"inLanguage":"es","potentialAction":[{"@type":"ReadAction","target":["https:\/\/onirikstudio.com\/?page_id=96"]}]},{"@type":"BreadcrumbList","@id":"https:\/\/onirikstudio.com\/?page_id=96#breadcrumb","itemListElement":[{"@type":"ListItem","position":1,"name":"Portada","item":"https:\/\/onirikstudio.com\/"},{"@type":"ListItem","position":2,"name":"MISI\u00d3N Y VISI\u00d3N"}]},{"@type":"WebSite","@id":"https:\/\/onirikstudio.com\/#website","url":"https:\/\/onirikstudio.com\/","name":"OnirikStudio","description":"","publisher":{"@id":"https:\/\/onirikstudio.com\/#organization"},"potentialAction":[{"@type":"SearchAction","target":{"@type":"EntryPoint","urlTemplate":"https:\/\/onirikstudio.com\/?s={search_term_string}"},"query-input":{"@type":"PropertyValueSpecification","valueRequired":true,"valueName":"search_term_string"}}],"inLanguage":"es"},{"@type":"Organization","@id":"https:\/\/onirikstudio.com\/#organization","name":"OnirikStudio","url":"https:\/\/onirikstudio.com\/","logo":{"@type":"ImageObject","inLanguage":"es","@id":"https:\/\/onirikstudio.com\/#\/schema\/logo\/image\/","url":"https:\/\/onirikstudio.com\/wp-content\/uploads\/2025\/08\/LOGOTIPO-ONIRIK-STUDIO-BLANCO.png","contentUrl":"https:\/\/onirikstudio.com\/wp-content\/uploads\/2025\/08\/LOGOTIPO-ONIRIK-STUDIO-BLANCO.png","width":1191,"height":420,"caption":"OnirikStudio"},"image":{"@id":"https:\/\/onirikstudio.com\/#\/schema\/logo\/image\/"}}]}},"_links":{"self":[{"href":"https:\/\/onirikstudio.com\/index.php?rest_route=\/wp\/v2\/pages\/96","targetHints":{"allow":["GET"]}}],"collection":[{"href":"https:\/\/onirikstudio.com\/index.php?rest_route=\/wp\/v2\/pages"}],"about":[{"href":"https:\/\/onirikstudio.com\/index.php?rest_route=\/wp\/v2\/types\/page"}],"author":[{"embeddable":true,"href":"https:\/\/onirikstudio.com\/index.php?rest_route=\/wp\/v2\/users\/1"}],"replies":[{"embeddable":true,"href":"https:\/\/onirikstudio.com\/index.php?rest_route=%2Fwp%2Fv2%2Fcomments&post=96"}],"version-history":[{"count":3,"href":"https:\/\/onirikstudio.com\/index.php?rest_route=\/wp\/v2\/pages\/96\/revisions"}],"predecessor-version":[{"id":459,"href":"https:\/\/onirikstudio.com\/index.php?rest_route=\/wp\/v2\/pages\/96\/revisions\/459"}],"wp:attachment":[{"href":"https:\/\/onirikstudio.com\/index.php?rest_route=%2Fwp%2Fv2%2Fmedia&parent=96"}],"curies":[{"name":"wp","href":"https:\/\/api.w.org\/{rel}","templated":true}]}}