{"id":97,"date":"2025-08-03T20:26:58","date_gmt":"2025-08-03T20:26:58","guid":{"rendered":"https:\/\/onirikstudio.com\/?page_id=97"},"modified":"2025-08-05T08:09:00","modified_gmt":"2025-08-05T08:09:00","slug":"valores-creativos","status":"publish","type":"page","link":"https:\/\/onirikstudio.com\/?page_id=97","title":{"rendered":"VALORES CREATIVOS"},"content":{"rendered":"<div data-colibri-id=\"97-c1\" class=\"style-276 style-local-97-c1 position-relative\">\n  <!---->\n  <div data-colibri-component=\"section\" data-colibri-id=\"97-c2\" id=\"about\" class=\"h-section h-section-global-spacing d-flex align-items-lg-center align-items-md-center align-items-center style-277 style-local-97-c2 position-relative\">\n    <!---->\n    <!---->\n    <div class=\"h-section-grid-container h-section-boxed-container\">\n      <!---->\n      <div data-colibri-id=\"97-c3\" class=\"h-row-container gutters-row-lg-0 gutters-row-md-0 gutters-row-0 gutters-row-v-lg-0 gutters-row-v-md-0 gutters-row-v-0 style-278 style-local-97-c3 position-relative\">\n        <!---->\n        <div class=\"h-row justify-content-lg-center justify-content-md-center justify-content-center align-items-lg-stretch align-items-md-stretch align-items-stretch gutters-col-lg-0 gutters-col-md-0 gutters-col-0 gutters-col-v-lg-0 gutters-col-v-md-0 gutters-col-v-0\">\n          <!---->\n          <div class=\"h-column h-column-container d-flex h-col-lg-auto h-col-md-auto h-col-auto style-279-outer style-local-97-c4-outer\">\n            <div data-colibri-id=\"97-c4\" class=\"d-flex h-flex-basis h-column__inner h-px-lg-0 h-px-md-0 h-px-0 v-inner-lg-0 v-inner-md-0 v-inner-0 style-279 style-local-97-c4 position-relative\">\n              <!---->\n              <!---->\n              <div class=\"w-100 h-y-container h-column__content h-column__v-align flex-basis-100 align-self-lg-start align-self-md-start align-self-start\">\n                <!---->\n                <div data-colibri-id=\"97-c5\" class=\"h-global-transition-all h-heading style-281 style-local-97-c5 position-relative h-element\">\n                  <!---->\n                  <div class=\"h-heading__outer style-281 style-local-97-c5\">\n                    <!---->\n                    <!---->\n                    <h2 class=\"\">Nuestros&nbsp;<em style=\"font-family: &quot;Playfair Display&quot;;\">Valores Creativos<\/em><\/h2>\n                  <\/div>\n                <\/div>\n                <div data-colibri-id=\"97-c6\" class=\"h-text h-text-component style-282 style-local-97-c6 position-relative h-element\">\n                  <!---->\n                  <!---->\n                  <div class=\"\">\n                    <p>NARRATIVA CON PROP\u00d3SITO:&nbsp;Cada proyecto cuenta una historia. La nuestra es dar voz a las ideas, emociones y marcas que merecen ser vistas y recordadas.<\/p>\n                    <p>INNOVACI\u00d3N FUNCIONAL:&nbsp;Creamos con tecnolog\u00eda, pero no por tendencia, sino por utilidad. La innovaci\u00f3n es nuestra herramienta, no nuestro fin.<\/p>\n                    <p>PERSPECTIVA GLOBAL: Pensamos en grande, actuamos con cercan\u00eda. Nuestros proyectos conectan con p\u00fablicos de Espa\u00f1a y Latinoam\u00e9rica sin perder la esencia cultural.<\/p>\n                    <p>COLABORACI\u00d3N REAL: Creemos en la fuerza de los equipos multidisciplinares. Onirik es una red de talentos que se nutre de la visi\u00f3n de cada cliente y colaborador.<\/p>\n                    <p>CREATIVIDAD ESTRAT\u00c9GICA: No solo hacemos cosas bonitas. Creamos contenido que funciona, que emociona, que posiciona y que deja huella.<\/p>\n                    <p>CURIOSIDAD CONSTANTE: Nos mueve la inquietud por aprender, explorar y reinventarnos. Cada proyecto es una oportunidad de descubrir algo nuevo.<\/p>\n                    <p>PASI\u00d3N SIN ATAJOS: Amamos lo que hacemos y eso se nota. No buscamos lo f\u00e1cil, sino lo aut\u00e9ntico. Lo que realmente marca la diferencia.<\/p>\n                  <\/div>\n                <\/div>\n              <\/div>\n            <\/div>\n          <\/div>\n          <div class=\"h-column h-column-container d-flex h-col-lg-auto h-col-md-auto h-col-auto style-283-outer style-local-97-c7-outer\">\n            <div data-colibri-id=\"97-c7\" class=\"d-flex h-flex-basis h-column__inner h-ui-empty-state-container h-px-lg-2 h-px-md-2 h-px-2 v-inner-lg-2 v-inner-md-2 v-inner-2 style-283 style-local-97-c7 position-relative\">\n              <!---->\n              <!---->\n              <div class=\"w-100 h-y-container h-column__content h-column__v-align flex-basis-100\">\n                <!---->\n              <\/div>\n            <\/div>\n          <\/div>\n        <\/div>\n      <\/div>\n    <\/div>\n  <\/div>\n<\/div>","protected":false},"excerpt":{"rendered":"<p>Nuestros&nbsp;Valores Creativos NARRATIVA CON PROP\u00d3SITO:&nbsp;Cada proyecto cuenta una historia. La nuestra es dar voz a las ideas, emociones y marcas que merecen ser vistas y recordadas. INNOVACI\u00d3N FUNCIONAL:&nbsp;Creamos con tecnolog\u00eda, pero no por tendencia, sino por utilidad. La innovaci\u00f3n es nuestra herramienta, no nuestro fin. PERSPECTIVA GLOBAL: Pensamos en grande, actuamos con cercan\u00eda. Nuestros proyectos [&hellip;]<\/p>\n","protected":false},"author":1,"featured_media":0,"parent":0,"menu_order":0,"comment_status":"closed","ping_status":"closed","template":"page-templates\/full-width-page.php","meta":{"footnotes":""},"class_list":["post-97","page","type-page","status-publish","hentry"],"yoast_head":"<!-- This site is optimized with the Yoast SEO plugin v27.4 - https:\/\/yoast.com\/product\/yoast-seo-wordpress\/ -->\n<title>VALORES CREATIVOS - OnirikStudio<\/title>\n<meta name=\"robots\" content=\"index, follow, max-snippet:-1, max-image-preview:large, max-video-preview:-1\" \/>\n<link rel=\"canonical\" href=\"https:\/\/onirikstudio.com\/?page_id=97\" \/>\n<meta property=\"og:locale\" content=\"es_ES\" \/>\n<meta property=\"og:type\" content=\"article\" \/>\n<meta property=\"og:title\" content=\"VALORES CREATIVOS - OnirikStudio\" \/>\n<meta property=\"og:description\" content=\"Nuestros&nbsp;Valores Creativos NARRATIVA CON PROP\u00d3SITO:&nbsp;Cada proyecto cuenta una historia. La nuestra es dar voz a las ideas, emociones y marcas que merecen ser vistas y recordadas. INNOVACI\u00d3N FUNCIONAL:&nbsp;Creamos con tecnolog\u00eda, pero no por tendencia, sino por utilidad. La innovaci\u00f3n es nuestra herramienta, no nuestro fin. PERSPECTIVA GLOBAL: Pensamos en grande, actuamos con cercan\u00eda. Nuestros proyectos [&hellip;]\" \/>\n<meta property=\"og:url\" content=\"https:\/\/onirikstudio.com\/?page_id=97\" \/>\n<meta property=\"og:site_name\" content=\"OnirikStudio\" \/>\n<meta property=\"article:modified_time\" content=\"2025-08-05T08:09:00+00:00\" \/>\n<meta name=\"twitter:card\" content=\"summary_large_image\" \/>\n<meta name=\"twitter:label1\" content=\"Tiempo de lectura\" \/>\n\t<meta name=\"twitter:data1\" content=\"1 minuto\" \/>\n<script type=\"application\/ld+json\" class=\"yoast-schema-graph\">{\"@context\":\"https:\\\/\\\/schema.org\",\"@graph\":[{\"@type\":\"WebPage\",\"@id\":\"https:\\\/\\\/onirikstudio.com\\\/?page_id=97\",\"url\":\"https:\\\/\\\/onirikstudio.com\\\/?page_id=97\",\"name\":\"VALORES CREATIVOS - OnirikStudio\",\"isPartOf\":{\"@id\":\"https:\\\/\\\/onirikstudio.com\\\/#website\"},\"datePublished\":\"2025-08-03T20:26:58+00:00\",\"dateModified\":\"2025-08-05T08:09:00+00:00\",\"breadcrumb\":{\"@id\":\"https:\\\/\\\/onirikstudio.com\\\/?page_id=97#breadcrumb\"},\"inLanguage\":\"es\",\"potentialAction\":[{\"@type\":\"ReadAction\",\"target\":[\"https:\\\/\\\/onirikstudio.com\\\/?page_id=97\"]}]},{\"@type\":\"BreadcrumbList\",\"@id\":\"https:\\\/\\\/onirikstudio.com\\\/?page_id=97#breadcrumb\",\"itemListElement\":[{\"@type\":\"ListItem\",\"position\":1,\"name\":\"Portada\",\"item\":\"https:\\\/\\\/onirikstudio.com\\\/\"},{\"@type\":\"ListItem\",\"position\":2,\"name\":\"VALORES CREATIVOS\"}]},{\"@type\":\"WebSite\",\"@id\":\"https:\\\/\\\/onirikstudio.com\\\/#website\",\"url\":\"https:\\\/\\\/onirikstudio.com\\\/\",\"name\":\"OnirikStudio\",\"description\":\"\",\"publisher\":{\"@id\":\"https:\\\/\\\/onirikstudio.com\\\/#organization\"},\"potentialAction\":[{\"@type\":\"SearchAction\",\"target\":{\"@type\":\"EntryPoint\",\"urlTemplate\":\"https:\\\/\\\/onirikstudio.com\\\/?s={search_term_string}\"},\"query-input\":{\"@type\":\"PropertyValueSpecification\",\"valueRequired\":true,\"valueName\":\"search_term_string\"}}],\"inLanguage\":\"es\"},{\"@type\":\"Organization\",\"@id\":\"https:\\\/\\\/onirikstudio.com\\\/#organization\",\"name\":\"OnirikStudio\",\"url\":\"https:\\\/\\\/onirikstudio.com\\\/\",\"logo\":{\"@type\":\"ImageObject\",\"inLanguage\":\"es\",\"@id\":\"https:\\\/\\\/onirikstudio.com\\\/#\\\/schema\\\/logo\\\/image\\\/\",\"url\":\"https:\\\/\\\/onirikstudio.com\\\/wp-content\\\/uploads\\\/2025\\\/08\\\/LOGOTIPO-ONIRIK-STUDIO-BLANCO.png\",\"contentUrl\":\"https:\\\/\\\/onirikstudio.com\\\/wp-content\\\/uploads\\\/2025\\\/08\\\/LOGOTIPO-ONIRIK-STUDIO-BLANCO.png\",\"width\":1191,\"height\":420,\"caption\":\"OnirikStudio\"},\"image\":{\"@id\":\"https:\\\/\\\/onirikstudio.com\\\/#\\\/schema\\\/logo\\\/image\\\/\"}}]}<\/script>\n<!-- \/ Yoast SEO plugin. -->","yoast_head_json":{"title":"VALORES CREATIVOS - OnirikStudio","robots":{"index":"index","follow":"follow","max-snippet":"max-snippet:-1","max-image-preview":"max-image-preview:large","max-video-preview":"max-video-preview:-1"},"canonical":"https:\/\/onirikstudio.com\/?page_id=97","og_locale":"es_ES","og_type":"article","og_title":"VALORES CREATIVOS - OnirikStudio","og_description":"Nuestros&nbsp;Valores Creativos NARRATIVA CON PROP\u00d3SITO:&nbsp;Cada proyecto cuenta una historia. La nuestra es dar voz a las ideas, emociones y marcas que merecen ser vistas y recordadas. INNOVACI\u00d3N FUNCIONAL:&nbsp;Creamos con tecnolog\u00eda, pero no por tendencia, sino por utilidad. La innovaci\u00f3n es nuestra herramienta, no nuestro fin. PERSPECTIVA GLOBAL: Pensamos en grande, actuamos con cercan\u00eda. Nuestros proyectos [&hellip;]","og_url":"https:\/\/onirikstudio.com\/?page_id=97","og_site_name":"OnirikStudio","article_modified_time":"2025-08-05T08:09:00+00:00","twitter_card":"summary_large_image","twitter_misc":{"Tiempo de lectura":"1 minuto"},"schema":{"@context":"https:\/\/schema.org","@graph":[{"@type":"WebPage","@id":"https:\/\/onirikstudio.com\/?page_id=97","url":"https:\/\/onirikstudio.com\/?page_id=97","name":"VALORES CREATIVOS - OnirikStudio","isPartOf":{"@id":"https:\/\/onirikstudio.com\/#website"},"datePublished":"2025-08-03T20:26:58+00:00","dateModified":"2025-08-05T08:09:00+00:00","breadcrumb":{"@id":"https:\/\/onirikstudio.com\/?page_id=97#breadcrumb"},"inLanguage":"es","potentialAction":[{"@type":"ReadAction","target":["https:\/\/onirikstudio.com\/?page_id=97"]}]},{"@type":"BreadcrumbList","@id":"https:\/\/onirikstudio.com\/?page_id=97#breadcrumb","itemListElement":[{"@type":"ListItem","position":1,"name":"Portada","item":"https:\/\/onirikstudio.com\/"},{"@type":"ListItem","position":2,"name":"VALORES CREATIVOS"}]},{"@type":"WebSite","@id":"https:\/\/onirikstudio.com\/#website","url":"https:\/\/onirikstudio.com\/","name":"OnirikStudio","description":"","publisher":{"@id":"https:\/\/onirikstudio.com\/#organization"},"potentialAction":[{"@type":"SearchAction","target":{"@type":"EntryPoint","urlTemplate":"https:\/\/onirikstudio.com\/?s={search_term_string}"},"query-input":{"@type":"PropertyValueSpecification","valueRequired":true,"valueName":"search_term_string"}}],"inLanguage":"es"},{"@type":"Organization","@id":"https:\/\/onirikstudio.com\/#organization","name":"OnirikStudio","url":"https:\/\/onirikstudio.com\/","logo":{"@type":"ImageObject","inLanguage":"es","@id":"https:\/\/onirikstudio.com\/#\/schema\/logo\/image\/","url":"https:\/\/onirikstudio.com\/wp-content\/uploads\/2025\/08\/LOGOTIPO-ONIRIK-STUDIO-BLANCO.png","contentUrl":"https:\/\/onirikstudio.com\/wp-content\/uploads\/2025\/08\/LOGOTIPO-ONIRIK-STUDIO-BLANCO.png","width":1191,"height":420,"caption":"OnirikStudio"},"image":{"@id":"https:\/\/onirikstudio.com\/#\/schema\/logo\/image\/"}}]}},"_links":{"self":[{"href":"https:\/\/onirikstudio.com\/index.php?rest_route=\/wp\/v2\/pages\/97","targetHints":{"allow":["GET"]}}],"collection":[{"href":"https:\/\/onirikstudio.com\/index.php?rest_route=\/wp\/v2\/pages"}],"about":[{"href":"https:\/\/onirikstudio.com\/index.php?rest_route=\/wp\/v2\/types\/page"}],"author":[{"embeddable":true,"href":"https:\/\/onirikstudio.com\/index.php?rest_route=\/wp\/v2\/users\/1"}],"replies":[{"embeddable":true,"href":"https:\/\/onirikstudio.com\/index.php?rest_route=%2Fwp%2Fv2%2Fcomments&post=97"}],"version-history":[{"count":3,"href":"https:\/\/onirikstudio.com\/index.php?rest_route=\/wp\/v2\/pages\/97\/revisions"}],"predecessor-version":[{"id":452,"href":"https:\/\/onirikstudio.com\/index.php?rest_route=\/wp\/v2\/pages\/97\/revisions\/452"}],"wp:attachment":[{"href":"https:\/\/onirikstudio.com\/index.php?rest_route=%2Fwp%2Fv2%2Fmedia&parent=97"}],"curies":[{"name":"wp","href":"https:\/\/api.w.org\/{rel}","templated":true}]}}